{"id":1079,"date":"2022-03-29T16:22:57","date_gmt":"2022-03-29T13:22:57","guid":{"rendered":"http:\/\/tsbd.org.tr\/?page_id=1079"},"modified":"2022-04-10T09:45:21","modified_gmt":"2022-04-10T06:45:21","slug":"6-nisan-2022-carsamba-soylesisi","status":"publish","type":"page","link":"https:\/\/tsbd.org.tr\/?page_id=1079","title":{"rendered":"6 N\u0130SAN 2022: Esen Ergin"},"content":{"rendered":"\n<p><\/p>\n\n\n\n<p><strong>Esen Ergin: <\/strong>Mersinli M\u00fcsl\u00fcman ve Hristiyan Kad\u0131nlar\u0131n Modernlik, Nostalji ve Bellek \u00dczerine Anlat\u0131lar\u0131<\/p>\n\n\n\n<p>6 Nisan 2022, saat 20.<\/p>\n\n\n\n<figure class=\"wp-block-image size-full\"><img fetchpriority=\"high\" decoding=\"async\" width=\"768\" height=\"1024\" src=\"http:\/\/tsbd.org.tr\/wp-content\/uploads\/2022\/04\/tsbd.jpg\" alt=\"\" class=\"wp-image-1096\" srcset=\"https:\/\/tsbd.org.tr\/wp-content\/uploads\/2022\/04\/tsbd.jpg 768w, https:\/\/tsbd.org.tr\/wp-content\/uploads\/2022\/04\/tsbd-225x300.jpg 225w\" sizes=\"(max-width: 768px) 100vw, 768px\" \/><\/figure>\n\n\n\n<p><a href=\"mailto:yalman@metu.edu.tr\" target=\"_blank\" rel=\"noreferrer noopener\">yalman@metu.edu.tr<\/a>&nbsp;is inviting you to a scheduled Zoom meeting.<\/p>\n\n\n\n<p>Topic: My Meeting<\/p>\n\n\n\n<p>Time: Apr 6, 2022 08:00 PM Istanbul<\/p>\n\n\n\n<p>Join Zoom Meeting<\/p>\n\n\n\n<p><a href=\"https:\/\/zoom.us\/j\/99711882049?pwd=RkRCUy9HMmI2UWJqVnA1VkFSRk8vdz09\">https:\/\/zoom.us\/j\/99711882049?pwd=RkRCUy9HMmI2UWJqVnA1VkFSRk8vdz09<\/a><\/p>\n\n\n\n<p>Meeting ID: 997 1188 2049<\/p>\n\n\n\n<p>Passcode: 930808<\/p>\n\n\n\n<p>One tap mobile<\/p>\n\n\n\n<p>+16699009128,,99711882049#,,,,*930808# US (San Jose)<\/p>\n\n\n\n<p>+12532158782,,99711882049#,,,,*930808# US (Tacoma)<\/p>\n\n\n\n<p>Dial by your location<\/p>\n\n\n\n<p>&nbsp;&nbsp;&nbsp;&nbsp;&nbsp;&nbsp;&nbsp; +1 669 900 9128 US (San Jose)<\/p>\n\n\n\n<p>&nbsp;&nbsp;&nbsp;&nbsp;&nbsp;&nbsp;&nbsp; +1 253 215 8782 US (Tacoma)<\/p>\n\n\n\n<p>&nbsp;&nbsp;&nbsp;&nbsp;&nbsp;&nbsp;&nbsp; +1 301 715 8592 US (Washington DC)<\/p>\n\n\n\n<p>&nbsp;&nbsp;&nbsp;&nbsp;&nbsp;&nbsp;&nbsp; +1 312 626 6799 US (Chicago)<\/p>\n\n\n\n<p>&nbsp;&nbsp;&nbsp;&nbsp;&nbsp;&nbsp;&nbsp; +1 346 248 7799 US (Houston)<\/p>\n\n\n\n<p>&nbsp;&nbsp;&nbsp;&nbsp;&nbsp;&nbsp;&nbsp; +1 646 558 8656 US (New York)<\/p>\n\n\n\n<p>Meeting ID: 997 1188 2049<\/p>\n\n\n\n<p>Passcode: 930808<\/p>\n\n\n\n<p>Find your local number:&nbsp;<a href=\"https:\/\/zoom.us\/u\/aAovzrleY\" target=\"_blank\" rel=\"noreferrer noopener\">https:\/\/zoom.us\/u\/aAovzrleY<\/a><\/p>\n","protected":false},"excerpt":{"rendered":"<p>Esen Ergin: Mersinli M\u00fcsl\u00fcman ve Hristiyan Kad\u0131nlar\u0131n Modernlik, Nostalji ve Bellek \u00dczerine Anlat\u0131lar\u0131 6 Nisan 2022, saat 20. yalman@metu.edu.tr&nbsp;is inviting you to a scheduled Zoom meeting. Topic: My Meeting Time: Apr 6, 2022 08:00 PM Istanbul Join Zoom Meeting https:\/\/zoom.us\/j\/99711882049?pwd=RkRCUy9HMmI2UWJqVnA1VkFSRk8vdz09 Meeting ID: 997 1188 2049 Passcode: 930808 One tap mobile +16699009128,,99711882049#,,,,*930808# US (San Jose) +12532158782,,99711882049#,,,,*930808# [&hellip;]<\/p>\n","protected":false},"author":3,"featured_media":0,"parent":827,"menu_order":1,"comment_status":"closed","ping_status":"closed","template":"","meta":{"_uag_custom_page_level_css":"","_themeisle_gutenberg_block_has_review":false,"footnotes":""},"class_list":["post-1079","page","type-page","status-publish","hentry"],"blocksy_meta":[],"uagb_featured_image_src":{"full":false,"thumbnail":false,"medium":false,"medium_large":false,"large":false,"1536x1536":false,"2048x2048":false},"uagb_author_info":{"display_name":false,"author_link":"https:\/\/tsbd.org.tr\/?author=3"},"uagb_comment_info":0,"uagb_excerpt":"Esen Ergin: Mersinli M\u00fcsl\u00fcman ve Hristiyan Kad\u0131nlar\u0131n Modernlik, Nostalji ve Bellek \u00dczerine Anlat\u0131lar\u0131 6 Nisan 2022, saat 20. yalman@metu.edu.tr&nbsp;is inviting you to a scheduled Zoom meeting. Topic: My Meeting Time: Apr 6, 2022 08:00 PM Istanbul Join Zoom Meeting https:\/\/zoom.us\/j\/99711882049?pwd=RkRCUy9HMmI2UWJqVnA1VkFSRk8vdz09 Meeting ID: 997 1188 2049 Passcode: 930808 One tap mobile +16699009128,,99711882049#,,,,*930808# US (San Jose) +12532158782,,99711882049#,,,,*930808#&hellip;","_links":{"self":[{"href":"https:\/\/tsbd.org.tr\/index.php?rest_route=\/wp\/v2\/pages\/1079","targetHints":{"allow":["GET"]}}],"collection":[{"href":"https:\/\/tsbd.org.tr\/index.php?rest_route=\/wp\/v2\/pages"}],"about":[{"href":"https:\/\/tsbd.org.tr\/index.php?rest_route=\/wp\/v2\/types\/page"}],"author":[{"embeddable":true,"href":"https:\/\/tsbd.org.tr\/index.php?rest_route=\/wp\/v2\/users\/3"}],"replies":[{"embeddable":true,"href":"https:\/\/tsbd.org.tr\/index.php?rest_route=%2Fwp%2Fv2%2Fcomments&post=1079"}],"version-history":[{"count":6,"href":"https:\/\/tsbd.org.tr\/index.php?rest_route=\/wp\/v2\/pages\/1079\/revisions"}],"predecessor-version":[{"id":1123,"href":"https:\/\/tsbd.org.tr\/index.php?rest_route=\/wp\/v2\/pages\/1079\/revisions\/1123"}],"up":[{"embeddable":true,"href":"https:\/\/tsbd.org.tr\/index.php?rest_route=\/wp\/v2\/pages\/827"}],"wp:attachment":[{"href":"https:\/\/tsbd.org.tr\/index.php?rest_route=%2Fwp%2Fv2%2Fmedia&parent=1079"}],"curies":[{"name":"wp","href":"https:\/\/api.w.org\/{rel}","templated":true}]}}