{"id":108,"date":"2017-01-25T20:19:11","date_gmt":"2017-01-25T17:19:11","guid":{"rendered":"http:\/\/tsbd.org.tr\/?page_id=108"},"modified":"2021-05-23T17:22:18","modified_gmt":"2021-05-23T14:22:18","slug":"bitmis-faaliyetler","status":"publish","type":"page","link":"https:\/\/tsbd.org.tr\/?page_id=108","title":{"rendered":"B\u0130TM\u0130\u015e FAAL\u0130YETLER"},"content":{"rendered":"<p style=\"background: white; margin: 0cm 0cm 4.5pt 0cm;\"><span style=\"font-size: 10.5pt; font-family: 'Helvetica',sans-serif; color: #1d2129;\">ODT\u00dc Siyaset Bilimi ve Kamu Y\u00f6netimi B\u00f6l\u00fcm\u00fc Derne\u011fimizin ortakla\u015fa d\u00fczenledi\u011fi &#8220;T\u00fcrkiye Devleti ve Toplumunun D\u00f6n\u00fc\u015f\u00fcm\u00fc: \u00c7at\u0131\u015fmalar, \u0130kilemler&#8221; ba\u015fl\u0131kl\u0131 etkinlik 1 Mart 2019 tarihinde, ODT\u00dc \u0130\u0130BF A Binas\u0131 \u00c7obano\u011flu Salonu&#8217;nda ger\u00e7ekle\u015fmi\u015ftir.&nbsp;<\/span><\/p>\n<p>&nbsp;<\/p>\n<p><img fetchpriority=\"high\" decoding=\"async\" class=\"alignnone wp-image-460\" src=\"http:\/\/tsbd.org.tr\/wp-content\/uploads\/2019\/02\/TSBD2-212x300.jpg\" alt=\"\" width=\"343\" height=\"485\" srcset=\"https:\/\/tsbd.org.tr\/wp-content\/uploads\/2019\/02\/TSBD2-212x300.jpg 212w, https:\/\/tsbd.org.tr\/wp-content\/uploads\/2019\/02\/TSBD2.jpg 678w\" sizes=\"(max-width: 343px) 100vw, 343px\" \/>&nbsp; &nbsp; &nbsp;&nbsp;<img decoding=\"async\" class=\"alignnone wp-image-459\" src=\"http:\/\/tsbd.org.tr\/wp-content\/uploads\/2019\/02\/TSBD1-212x300.jpg\" alt=\"\" width=\"346\" height=\"490\" srcset=\"https:\/\/tsbd.org.tr\/wp-content\/uploads\/2019\/02\/TSBD1-212x300.jpg 212w, https:\/\/tsbd.org.tr\/wp-content\/uploads\/2019\/02\/TSBD1.jpg 678w\" sizes=\"(max-width: 346px) 100vw, 346px\" \/><\/p>\n<p>Bilimsel \u00d6zg\u00fcrl\u00fck ve \u00dcniversite \u00d6zerkli\u011fi Toplant\u0131s\u0131<\/p>\n<p>Bilimsel \u00d6zg\u00fcrl\u00fckler ve T\u00fcrkiye, \u00dcniversite \u00d6zerkli\u011fi ve T\u00fcrkiye, Kapan\u0131\u015f Forumu ba\u015fl\u0131kl\u0131 \u00fc\u00e7 oturumdan olu\u015fan toplant\u0131 7 Ocak 2017 tarihinde Mimarlar Odas\u0131 Ankara \u015eubesi konferans salonunda yap\u0131lm\u0131\u015ft\u0131r.<\/p>\n<p><img decoding=\"async\" class=\"size-thumbnail wp-image-115 alignleft\" src=\"http:\/\/tsbd.org.tr\/wp-content\/uploads\/2017\/01\/bilimsel_ozgurlukler1-150x150.jpg\" alt=\"\" width=\"150\" height=\"150\" srcset=\"https:\/\/tsbd.org.tr\/wp-content\/uploads\/2017\/01\/bilimsel_ozgurlukler1-150x150.jpg 150w, https:\/\/tsbd.org.tr\/wp-content\/uploads\/2017\/01\/bilimsel_ozgurlukler1-215x215.jpg 215w\" sizes=\"(max-width: 150px) 100vw, 150px\" \/>&nbsp; &nbsp; &nbsp; &nbsp; &nbsp; &nbsp; &nbsp; &nbsp; &nbsp; &nbsp; &nbsp; &nbsp; &nbsp; &nbsp; &nbsp;<img loading=\"lazy\" decoding=\"async\" class=\"alignnone size-thumbnail wp-image-117\" src=\"http:\/\/tsbd.org.tr\/wp-content\/uploads\/2017\/01\/bilimsel_ozgurlukler3-150x150.jpg\" alt=\"\" width=\"150\" height=\"150\" srcset=\"https:\/\/tsbd.org.tr\/wp-content\/uploads\/2017\/01\/bilimsel_ozgurlukler3-150x150.jpg 150w, https:\/\/tsbd.org.tr\/wp-content\/uploads\/2017\/01\/bilimsel_ozgurlukler3-215x215.jpg 215w\" sizes=\"(max-width: 150px) 100vw, 150px\" \/>&nbsp; &nbsp; &nbsp; &nbsp; &nbsp; &nbsp;&nbsp;<img loading=\"lazy\" decoding=\"async\" class=\"alignnone size-thumbnail wp-image-116\" src=\"http:\/\/tsbd.org.tr\/wp-content\/uploads\/2017\/01\/bilimsel_ozgurlukler2-150x150.jpg\" alt=\"\" width=\"150\" height=\"150\" srcset=\"https:\/\/tsbd.org.tr\/wp-content\/uploads\/2017\/01\/bilimsel_ozgurlukler2-150x150.jpg 150w, https:\/\/tsbd.org.tr\/wp-content\/uploads\/2017\/01\/bilimsel_ozgurlukler2-215x215.jpg 215w\" sizes=\"(max-width: 150px) 100vw, 150px\" \/><\/p>\n<h3>TSBD S\u00f6yle\u015fileri: Ba\u015fkanl\u0131k Sistemi<\/h3>\n<p>15 Aral\u0131k Per\u015fembe tarihinde, Prof. Dr. Ali Murat \u00d6zdemir&#8217;in konu\u015fmas\u0131 Ba\u015fkanl\u0131k Sistemine ili\u015fkin yeni anayasa maddelerini Mimarlar Odas\u0131 Ankara \u015eubesi Konferans salonunda yap\u0131lm\u0131\u015ft\u0131r.<\/p>\n<p>&nbsp;<\/p>\n<p><img loading=\"lazy\" decoding=\"async\" class=\"wp-image-134 size-full alignleft\" src=\"http:\/\/tsbd.org.tr\/wp-content\/uploads\/2017\/01\/soylesi_baskanlik_sistemi_ufak.png\" width=\"236\" height=\"167\"><\/p>\n<p><img loading=\"lazy\" decoding=\"async\" class=\"alignnone size-thumbnail wp-image-135\" src=\"http:\/\/tsbd.org.tr\/wp-content\/uploads\/2017\/01\/amo1-150x150.jpg\" alt=\"\" width=\"150\" height=\"150\" srcset=\"https:\/\/tsbd.org.tr\/wp-content\/uploads\/2017\/01\/amo1-150x150.jpg 150w, https:\/\/tsbd.org.tr\/wp-content\/uploads\/2017\/01\/amo1-215x215.jpg 215w\" sizes=\"(max-width: 150px) 100vw, 150px\" \/>&nbsp; &nbsp; &nbsp; &nbsp;&nbsp;&nbsp;<img loading=\"lazy\" decoding=\"async\" class=\"alignnone wp-image-136 size-thumbnail\" src=\"http:\/\/tsbd.org.tr\/wp-content\/uploads\/2017\/01\/amo2-e1485368319602-150x150.jpg\" width=\"150\" height=\"150\" srcset=\"https:\/\/tsbd.org.tr\/wp-content\/uploads\/2017\/01\/amo2-e1485368319602-150x150.jpg 150w, https:\/\/tsbd.org.tr\/wp-content\/uploads\/2017\/01\/amo2-e1485368319602-215x215.jpg 215w\" sizes=\"(max-width: 150px) 100vw, 150px\" \/>&nbsp; &nbsp; &nbsp;&nbsp;<img loading=\"lazy\" decoding=\"async\" class=\"alignnone size-thumbnail wp-image-137\" src=\"http:\/\/tsbd.org.tr\/wp-content\/uploads\/2017\/01\/amo3-150x150.jpg\" alt=\"\" width=\"150\" height=\"150\" srcset=\"https:\/\/tsbd.org.tr\/wp-content\/uploads\/2017\/01\/amo3-150x150.jpg 150w, https:\/\/tsbd.org.tr\/wp-content\/uploads\/2017\/01\/amo3-215x215.jpg 215w\" sizes=\"(max-width: 150px) 100vw, 150px\" \/><\/p>\n<h3><\/h3>\n<h3><\/h3>\n<h3><\/h3>\n<h3><\/h3>\n<h3>Uluslararas\u0131 \u00c7al\u0131\u015ftay: \u201cLearning Across the South: The Past and Future of Sociology in Turkey and South Africa\u201d<\/h3>\n<p>Ankara \u00dcniversitesi Siyasal Bilgiler Fak\u00fcltesi ve T\u00fcrk Sosyal Bilimler Derne\u011fi\u2019nin ortak d\u00fczenleyicili\u011finde,&nbsp; \u201cLearning Across the South: The Past and Future of Sociology in Turkey and South Africa\u201d ba\u015fl\u0131kl\u0131&nbsp; Uluslararas\u0131 \u00c7al\u0131\u015ftay, 7-8-9 Aral\u0131k 2016 tarihlerinde Ankara \u00dcniversitesi Siyasal Bilgiler Fak\u00fcltesi&#8217;nde ger\u00e7ekle\u015ftirilmi\u015ftir.<br \/>\nA\u00e7\u0131l\u0131\u015f konu\u015fmas\u0131 Prof. Dr. Andries Bezuidenhout taraf\u0131ndan 7 Aral\u0131k \u00c7ar\u015famba g\u00fcn\u00fc saat 16.30\u2019da yap\u0131lm\u0131\u015f olan&nbsp; \u00e7al\u0131\u015ftay\u0131n oturumlar\u0131, Aziz K\u00f6kl\u00fc Salonu&#8217;nda 8 Aral\u0131k Per\u015fembe ve 9 Aral\u0131k Cuma g\u00fcnleri devam etmi\u015ftir.<\/p>\n<p><img loading=\"lazy\" decoding=\"async\" class=\"size-thumbnail wp-image-113 alignleft\" src=\"http:\/\/tsbd.org.tr\/wp-content\/uploads\/2017\/01\/g\u00fcney_\u00e7al\u0131\u015ftay-150x150.jpg\" alt=\"\" width=\"150\" height=\"150\" srcset=\"https:\/\/tsbd.org.tr\/wp-content\/uploads\/2017\/01\/g\u00fcney_\u00e7al\u0131\u015ftay-150x150.jpg 150w, https:\/\/tsbd.org.tr\/wp-content\/uploads\/2017\/01\/g\u00fcney_\u00e7al\u0131\u015ftay-215x215.jpg 215w\" sizes=\"(max-width: 150px) 100vw, 150px\" \/><\/p>\n","protected":false},"excerpt":{"rendered":"<p>ODT\u00dc Siyaset Bilimi ve Kamu Y\u00f6netimi B\u00f6l\u00fcm\u00fc Derne\u011fimizin ortakla\u015fa d\u00fczenledi\u011fi &#8220;T\u00fcrkiye Devleti ve Toplumunun D\u00f6n\u00fc\u015f\u00fcm\u00fc: \u00c7at\u0131\u015fmalar, \u0130kilemler&#8221; ba\u015fl\u0131kl\u0131 etkinlik 1 Mart 2019 tarihinde, ODT\u00dc \u0130\u0130BF A Binas\u0131 \u00c7obano\u011flu Salonu&#8217;nda ger\u00e7ekle\u015fmi\u015ftir.&nbsp; &nbsp; &nbsp; &nbsp; &nbsp;&nbsp; Bilimsel \u00d6zg\u00fcrl\u00fck ve \u00dcniversite \u00d6zerkli\u011fi Toplant\u0131s\u0131 Bilimsel \u00d6zg\u00fcrl\u00fckler ve T\u00fcrkiye, \u00dcniversite \u00d6zerkli\u011fi ve T\u00fcrkiye, Kapan\u0131\u015f Forumu ba\u015fl\u0131kl\u0131 \u00fc\u00e7 oturumdan olu\u015fan toplant\u0131 [&hellip;]<\/p>\n","protected":false},"author":1,"featured_media":0,"parent":36,"menu_order":0,"comment_status":"closed","ping_status":"closed","template":"","meta":{"_uag_custom_page_level_css":"","_themeisle_gutenberg_block_has_review":false,"footnotes":""},"class_list":["post-108","page","type-page","status-publish","hentry"],"blocksy_meta":[],"uagb_featured_image_src":{"full":false,"thumbnail":false,"medium":false,"medium_large":false,"large":false,"1536x1536":false,"2048x2048":false},"uagb_author_info":{"display_name":false,"author_link":"https:\/\/tsbd.org.tr\/?author=1"},"uagb_comment_info":0,"uagb_excerpt":"ODT\u00dc Siyaset Bilimi ve Kamu Y\u00f6netimi B\u00f6l\u00fcm\u00fc Derne\u011fimizin ortakla\u015fa d\u00fczenledi\u011fi &#8220;T\u00fcrkiye Devleti ve Toplumunun D\u00f6n\u00fc\u015f\u00fcm\u00fc: \u00c7at\u0131\u015fmalar, \u0130kilemler&#8221; ba\u015fl\u0131kl\u0131 etkinlik 1 Mart 2019 tarihinde, ODT\u00dc \u0130\u0130BF A Binas\u0131 \u00c7obano\u011flu Salonu&#8217;nda ger\u00e7ekle\u015fmi\u015ftir.&nbsp; &nbsp; &nbsp; &nbsp; &nbsp;&nbsp; Bilimsel \u00d6zg\u00fcrl\u00fck ve \u00dcniversite \u00d6zerkli\u011fi Toplant\u0131s\u0131 Bilimsel \u00d6zg\u00fcrl\u00fckler ve T\u00fcrkiye, \u00dcniversite \u00d6zerkli\u011fi ve T\u00fcrkiye, Kapan\u0131\u015f Forumu ba\u015fl\u0131kl\u0131 \u00fc\u00e7 oturumdan olu\u015fan toplant\u0131&hellip;","_links":{"self":[{"href":"https:\/\/tsbd.org.tr\/index.php?rest_route=\/wp\/v2\/pages\/108","targetHints":{"allow":["GET"]}}],"collection":[{"href":"https:\/\/tsbd.org.tr\/index.php?rest_route=\/wp\/v2\/pages"}],"about":[{"href":"https:\/\/tsbd.org.tr\/index.php?rest_route=\/wp\/v2\/types\/page"}],"author":[{"embeddable":true,"href":"https:\/\/tsbd.org.tr\/index.php?rest_route=\/wp\/v2\/users\/1"}],"replies":[{"embeddable":true,"href":"https:\/\/tsbd.org.tr\/index.php?rest_route=%2Fwp%2Fv2%2Fcomments&post=108"}],"version-history":[{"count":9,"href":"https:\/\/tsbd.org.tr\/index.php?rest_route=\/wp\/v2\/pages\/108\/revisions"}],"predecessor-version":[{"id":862,"href":"https:\/\/tsbd.org.tr\/index.php?rest_route=\/wp\/v2\/pages\/108\/revisions\/862"}],"up":[{"embeddable":true,"href":"https:\/\/tsbd.org.tr\/index.php?rest_route=\/wp\/v2\/pages\/36"}],"wp:attachment":[{"href":"https:\/\/tsbd.org.tr\/index.php?rest_route=%2Fwp%2Fv2%2Fmedia&parent=108"}],"curies":[{"name":"wp","href":"https:\/\/api.w.org\/{rel}","templated":true}]}}