{"id":1167,"date":"2022-04-25T08:23:16","date_gmt":"2022-04-25T05:23:16","guid":{"rendered":"http:\/\/tsbd.org.tr\/?page_id=1167"},"modified":"2022-04-25T12:32:59","modified_gmt":"2022-04-25T09:32:59","slug":"27-nisan-2022-basak-bozkurt","status":"publish","type":"page","link":"https:\/\/tsbd.org.tr\/?page_id=1167","title":{"rendered":"27 Nisan 2022 Ba\u015fak Bozkurt"},"content":{"rendered":"\n<p>27 Nisan \u00c7ar\u015famba S\u00f6yle\u015fisi<br>Ba\u015fak Bozkurt: &#8220;<strong>Plaza ve fabrika aras\u0131nda s\u0131n\u0131f dayan\u0131\u015fmas\u0131 m\u00fcmk\u00fcn m\u00fc?: Birle\u015fik Metal-\u0130\u015f \u2013 EM\u0130S toplu s\u00f6zle\u015fme s\u00fcreci \u00f6rne\u011fi&#8221;<\/strong><\/p>\n\n\n\n<figure class=\"wp-block-image size-full\"><img fetchpriority=\"high\" decoding=\"async\" width=\"768\" height=\"1024\" src=\"http:\/\/tsbd.org.tr\/wp-content\/uploads\/2022\/04\/670bd2fd-5952-48ad-946e-c5cbae89b918.jpg\" alt=\"\" class=\"wp-image-1174\" srcset=\"https:\/\/tsbd.org.tr\/wp-content\/uploads\/2022\/04\/670bd2fd-5952-48ad-946e-c5cbae89b918.jpg 768w, https:\/\/tsbd.org.tr\/wp-content\/uploads\/2022\/04\/670bd2fd-5952-48ad-946e-c5cbae89b918-225x300.jpg 225w\" sizes=\"(max-width: 768px) 100vw, 768px\" \/><figcaption><br><br><br><a rel=\"noreferrer noopener\" href=\"mailto:yalman@metu.edu.tr\" target=\"_blank\">yalman@metu.edu.tr<\/a>&nbsp;is inviting you to a scheduled Zoom meeting.<br>&nbsp;<br>Topic: My Meeting<br>Time: Apr 27, 2022 08:00 PM Istanbul<br>&nbsp;<br>Join Zoom Meeting<br><a rel=\"noreferrer noopener\" href=\"https:\/\/zoom.us\/j\/95320857697?pwd=SlBvRnpHNHEwbXZVbTBJcXRmZ043UT09\" target=\"_blank\">https:\/\/zoom.us\/j\/95320857697?pwd=SlBvRnpHNHEwbXZVbTBJcXRmZ043UT09<\/a><br>&nbsp;<br>Meeting ID: 953 2085 7697<br>Passcode: 371318<br>One tap mobile<br>+16699009128,,95320857697#,,,,*371318# US (San Jose)<br>+12532158782,,95320857697#,,,,*371318# US (Tacoma)<br>&nbsp;<br>Dial by your location<br>&nbsp;&nbsp;&nbsp;&nbsp;&nbsp;&nbsp;&nbsp; +1 669 900 9128 US (San Jose)<br>&nbsp;&nbsp;&nbsp;&nbsp;&nbsp;&nbsp;&nbsp; +1 253 215 8782 US (Tacoma)<br>&nbsp;&nbsp;&nbsp;&nbsp;&nbsp;&nbsp;&nbsp; +1 301 715 8592 US (Washington DC)<br>&nbsp;&nbsp;&nbsp;&nbsp;&nbsp;&nbsp;&nbsp; +1 312 626 6799 US (Chicago)<br>&nbsp;&nbsp;&nbsp;&nbsp;&nbsp;&nbsp;&nbsp; +1 346 248 7799 US (Houston)<br>&nbsp;&nbsp;&nbsp;&nbsp;&nbsp;&nbsp;&nbsp; +1 646 558 8656 US (New York)<br>Meeting ID: 953 2085 7697<br>Passcode: 371318<br>Find your local number:&nbsp;<a rel=\"noreferrer noopener\" href=\"https:\/\/zoom.us\/u\/aEdXodLl5\" target=\"_blank\">https:\/\/zoom.us\/u\/aEdXodLl5<\/a><\/figcaption><\/figure>\n","protected":false},"excerpt":{"rendered":"<p>27 Nisan \u00c7ar\u015famba S\u00f6yle\u015fisiBa\u015fak Bozkurt: &#8220;Plaza ve fabrika aras\u0131nda s\u0131n\u0131f dayan\u0131\u015fmas\u0131 m\u00fcmk\u00fcn m\u00fc?: Birle\u015fik Metal-\u0130\u015f \u2013 EM\u0130S toplu s\u00f6zle\u015fme s\u00fcreci \u00f6rne\u011fi&#8221;<\/p>\n","protected":false},"author":3,"featured_media":0,"parent":827,"menu_order":0,"comment_status":"closed","ping_status":"closed","template":"","meta":{"_uag_custom_page_level_css":"","_themeisle_gutenberg_block_has_review":false,"footnotes":""},"class_list":["post-1167","page","type-page","status-publish","hentry"],"blocksy_meta":[],"uagb_featured_image_src":{"full":false,"thumbnail":false,"medium":false,"medium_large":false,"large":false,"1536x1536":false,"2048x2048":false},"uagb_author_info":{"display_name":false,"author_link":"https:\/\/tsbd.org.tr\/?author=3"},"uagb_comment_info":0,"uagb_excerpt":"27 Nisan \u00c7ar\u015famba S\u00f6yle\u015fisiBa\u015fak Bozkurt: &#8220;Plaza ve fabrika aras\u0131nda s\u0131n\u0131f dayan\u0131\u015fmas\u0131 m\u00fcmk\u00fcn m\u00fc?: Birle\u015fik Metal-\u0130\u015f \u2013 EM\u0130S toplu s\u00f6zle\u015fme s\u00fcreci \u00f6rne\u011fi&#8221;","_links":{"self":[{"href":"https:\/\/tsbd.org.tr\/index.php?rest_route=\/wp\/v2\/pages\/1167","targetHints":{"allow":["GET"]}}],"collection":[{"href":"https:\/\/tsbd.org.tr\/index.php?rest_route=\/wp\/v2\/pages"}],"about":[{"href":"https:\/\/tsbd.org.tr\/index.php?rest_route=\/wp\/v2\/types\/page"}],"author":[{"embeddable":true,"href":"https:\/\/tsbd.org.tr\/index.php?rest_route=\/wp\/v2\/users\/3"}],"replies":[{"embeddable":true,"href":"https:\/\/tsbd.org.tr\/index.php?rest_route=%2Fwp%2Fv2%2Fcomments&post=1167"}],"version-history":[{"count":4,"href":"https:\/\/tsbd.org.tr\/index.php?rest_route=\/wp\/v2\/pages\/1167\/revisions"}],"predecessor-version":[{"id":1175,"href":"https:\/\/tsbd.org.tr\/index.php?rest_route=\/wp\/v2\/pages\/1167\/revisions\/1175"}],"up":[{"embeddable":true,"href":"https:\/\/tsbd.org.tr\/index.php?rest_route=\/wp\/v2\/pages\/827"}],"wp:attachment":[{"href":"https:\/\/tsbd.org.tr\/index.php?rest_route=%2Fwp%2Fv2%2Fmedia&parent=1167"}],"curies":[{"name":"wp","href":"https:\/\/api.w.org\/{rel}","templated":true}]}}