{"id":1180,"date":"2022-05-08T10:03:44","date_gmt":"2022-05-08T07:03:44","guid":{"rendered":"http:\/\/tsbd.org.tr\/?page_id=1180"},"modified":"2022-05-14T14:02:32","modified_gmt":"2022-05-14T11:02:32","slug":"11-mayis-2022-erdal-kaya","status":"publish","type":"page","link":"https:\/\/tsbd.org.tr\/?page_id=1180","title":{"rendered":"11 May\u0131s 2022 Erdal Kaya \u00a0"},"content":{"rendered":"\n<p>Erdal Kaya \u00a0(Pamukkale \u00dc. Doktora \u00f6\u011frencisi): &#8220;Denizli Tekstil Sekt\u00f6r\u00fcnde Emek S\u00fcreci: \u00dcretim Noktas\u0131ndan Bir Bak\u0131\u015f&#8221; <br>11.5.2022 Saat 20.00<\/p>\n\n\n\n<figure class=\"wp-block-image size-large\"><img fetchpriority=\"high\" decoding=\"async\" width=\"683\" height=\"1024\" src=\"http:\/\/tsbd.org.tr\/wp-content\/uploads\/2022\/05\/erdal-kaya-1-683x1024.jpg\" alt=\"\" class=\"wp-image-1184\" srcset=\"https:\/\/tsbd.org.tr\/wp-content\/uploads\/2022\/05\/erdal-kaya-1-683x1024.jpg 683w, https:\/\/tsbd.org.tr\/wp-content\/uploads\/2022\/05\/erdal-kaya-1-200x300.jpg 200w, https:\/\/tsbd.org.tr\/wp-content\/uploads\/2022\/05\/erdal-kaya-1-768x1152.jpg 768w, https:\/\/tsbd.org.tr\/wp-content\/uploads\/2022\/05\/erdal-kaya-1-1024x1536.jpg 1024w, https:\/\/tsbd.org.tr\/wp-content\/uploads\/2022\/05\/erdal-kaya-1.jpg 1077w\" sizes=\"(max-width: 683px) 100vw, 683px\" \/><\/figure>\n\n\n\n<p><a rel=\"noreferrer noopener\" href=\"mailto:yalman@metu.edu.tr\" target=\"_blank\">yalman@metu.edu.tr<\/a>&nbsp;is inviting you to a scheduled Zoom meeting.<\/p>\n\n\n\n<p>Topic: My Meeting<\/p>\n\n\n\n<p>Time: May 11, 2022 08:00 PM Istanbul<\/p>\n\n\n\n<p>Join Zoom Meeting<\/p>\n\n\n\n<p>Meeting ID: 918 3640 3560<\/p>\n\n\n\n<p>Passcode: 484061<\/p>\n\n\n\n<p>One tap mobile<\/p>\n\n\n\n<p>+12532158782,,91836403560#,,,,*484061# US (Tacoma)<\/p>\n\n\n\n<p>+13017158592,,91836403560#,,,,*484061# US (Washington DC)<\/p>\n\n\n\n<p>Dial by your location<\/p>\n\n\n\n<p>&nbsp;&nbsp;&nbsp;&nbsp;&nbsp;&nbsp;&nbsp; +1 253 215 8782 US (Tacoma)<\/p>\n\n\n\n<p>&nbsp;&nbsp;&nbsp;&nbsp;&nbsp;&nbsp;&nbsp; +1 301 715 8592 US (Washington DC)<\/p>\n\n\n\n<p>&nbsp;&nbsp;&nbsp;&nbsp;&nbsp;&nbsp;&nbsp; +1 312 626 6799 US (Chicago)<\/p>\n\n\n\n<p>&nbsp;&nbsp;&nbsp;&nbsp;&nbsp;&nbsp;&nbsp; +1 346 248 7799 US (Houston)<\/p>\n\n\n\n<p>&nbsp;&nbsp;&nbsp;&nbsp;&nbsp;&nbsp;&nbsp; +1 646 558 8656 US (New York)<\/p>\n\n\n\n<p>&nbsp;&nbsp;&nbsp;&nbsp;&nbsp;&nbsp;&nbsp; +1 669 900 9128 US (San Jose)<\/p>\n\n\n\n<p>Meeting ID: 918 3640 3560<\/p>\n\n\n\n<p>Passcode: 484061<\/p>\n\n\n\n<p>Find your local number:&nbsp;<a href=\"https:\/\/zoom.us\/u\/adl2RhIGzf\" target=\"_blank\" rel=\"noreferrer noopener\">https:\/\/zoom.us\/u\/adl2RhIGzf<\/a><\/p>\n","protected":false},"excerpt":{"rendered":"<p>Erdal Kaya \u00a0(Pamukkale \u00dc. Doktora \u00f6\u011frencisi): &#8220;Denizli Tekstil Sekt\u00f6r\u00fcnde Emek S\u00fcreci: \u00dcretim Noktas\u0131ndan Bir Bak\u0131\u015f&#8221; 11.5.2022 Saat 20.00 yalman@metu.edu.tr&nbsp;is inviting you to a scheduled Zoom meeting. Topic: My Meeting Time: May 11, 2022 08:00 PM Istanbul Join Zoom Meeting Meeting ID: 918 3640 3560 Passcode: 484061 One tap mobile +12532158782,,91836403560#,,,,*484061# US (Tacoma) +13017158592,,91836403560#,,,,*484061# US (Washington [&hellip;]<\/p>\n","protected":false},"author":3,"featured_media":0,"parent":827,"menu_order":1,"comment_status":"closed","ping_status":"closed","template":"","meta":{"_uag_custom_page_level_css":"","_themeisle_gutenberg_block_has_review":false,"footnotes":""},"class_list":["post-1180","page","type-page","status-publish","hentry"],"blocksy_meta":[],"uagb_featured_image_src":{"full":false,"thumbnail":false,"medium":false,"medium_large":false,"large":false,"1536x1536":false,"2048x2048":false},"uagb_author_info":{"display_name":false,"author_link":"https:\/\/tsbd.org.tr\/?author=3"},"uagb_comment_info":0,"uagb_excerpt":"Erdal Kaya \u00a0(Pamukkale \u00dc. Doktora \u00f6\u011frencisi): &#8220;Denizli Tekstil Sekt\u00f6r\u00fcnde Emek S\u00fcreci: \u00dcretim Noktas\u0131ndan Bir Bak\u0131\u015f&#8221; 11.5.2022 Saat 20.00 yalman@metu.edu.tr&nbsp;is inviting you to a scheduled Zoom meeting. Topic: My Meeting Time: May 11, 2022 08:00 PM Istanbul Join Zoom Meeting Meeting ID: 918 3640 3560 Passcode: 484061 One tap mobile +12532158782,,91836403560#,,,,*484061# US (Tacoma) +13017158592,,91836403560#,,,,*484061# US (Washington&hellip;","_links":{"self":[{"href":"https:\/\/tsbd.org.tr\/index.php?rest_route=\/wp\/v2\/pages\/1180","targetHints":{"allow":["GET"]}}],"collection":[{"href":"https:\/\/tsbd.org.tr\/index.php?rest_route=\/wp\/v2\/pages"}],"about":[{"href":"https:\/\/tsbd.org.tr\/index.php?rest_route=\/wp\/v2\/types\/page"}],"author":[{"embeddable":true,"href":"https:\/\/tsbd.org.tr\/index.php?rest_route=\/wp\/v2\/users\/3"}],"replies":[{"embeddable":true,"href":"https:\/\/tsbd.org.tr\/index.php?rest_route=%2Fwp%2Fv2%2Fcomments&post=1180"}],"version-history":[{"count":2,"href":"https:\/\/tsbd.org.tr\/index.php?rest_route=\/wp\/v2\/pages\/1180\/revisions"}],"predecessor-version":[{"id":1185,"href":"https:\/\/tsbd.org.tr\/index.php?rest_route=\/wp\/v2\/pages\/1180\/revisions\/1185"}],"up":[{"embeddable":true,"href":"https:\/\/tsbd.org.tr\/index.php?rest_route=\/wp\/v2\/pages\/827"}],"wp:attachment":[{"href":"https:\/\/tsbd.org.tr\/index.php?rest_route=%2Fwp%2Fv2%2Fmedia&parent=1180"}],"curies":[{"name":"wp","href":"https:\/\/api.w.org\/{rel}","templated":true}]}}