{"id":1198,"date":"2022-05-28T11:17:20","date_gmt":"2022-05-28T08:17:20","guid":{"rendered":"http:\/\/tsbd.org.tr\/?page_id=1198"},"modified":"2022-05-30T11:22:07","modified_gmt":"2022-05-30T08:22:07","slug":"1-haziran-2022-merve-kayaduvar","status":"publish","type":"page","link":"https:\/\/tsbd.org.tr\/?page_id=1198","title":{"rendered":"1 Haziran 2022 Merve Kayaduvar"},"content":{"rendered":"\n<p>1 Haziran 2022 \u00c7ar\u015famba S\u00f6yle\u015fisi <br>Merve Kayaduvar : &#8220;<strong>GEN\u00c7 \u0130\u015eS\u0130ZL\u0130\u011e\u0130 \u0130LE M\u00dcCADELEDE AKT\u0130F \u0130ST\u0130HDAM POL\u0130T\u0130KALARININ ROL\u00dc<\/strong>&#8220;<\/p>\n\n\n\n<figure class=\"wp-block-image size-full\"><img fetchpriority=\"high\" decoding=\"async\" width=\"677\" height=\"1024\" src=\"http:\/\/tsbd.org.tr\/wp-content\/uploads\/2022\/05\/Merve-kayaduvar.jpg\" alt=\"\" class=\"wp-image-1202\" srcset=\"https:\/\/tsbd.org.tr\/wp-content\/uploads\/2022\/05\/Merve-kayaduvar.jpg 677w, https:\/\/tsbd.org.tr\/wp-content\/uploads\/2022\/05\/Merve-kayaduvar-198x300.jpg 198w\" sizes=\"(max-width: 677px) 100vw, 677px\" \/><\/figure>\n\n\n\n<p><a href=\"mailto:yalman@metu.edu.tr\" target=\"_blank\" rel=\"noreferrer noopener\">yalman@metu.edu.tr<\/a>&nbsp;is inviting you to a scheduled Zoom meeting.<\/p>\n\n\n\n<p>Topic: My Meeting<\/p>\n\n\n\n<p>Time: Jun 1, 2022 08:00 PM Istanbul<\/p>\n\n\n\n<p>Join Zoom Meeting<\/p>\n\n\n\n<figure class=\"wp-block-embed\"><div class=\"wp-block-embed__wrapper\">\nhttps:\/\/zoom.us\/j\/98594309284?pwd=MkdxbGpIM2czaWxJQmJab0MzMXZzQT09\n<\/div><\/figure>\n\n\n\n<p>Meeting ID: 985 9430 9284<\/p>\n\n\n\n<p>Passcode: 659352<\/p>\n\n\n\n<p>One tap mobile<\/p>\n\n\n\n<p>+13126266799,,98594309284#,,,,*659352# US (Chicago)<\/p>\n\n\n\n<p>+13462487799,,98594309284#,,,,*659352# US (Houston)<\/p>\n\n\n\n<p>Dial by your location<\/p>\n\n\n\n<p>&nbsp;&nbsp; &nbsp;&nbsp;&nbsp;&nbsp;&nbsp;+1 312 626 6799 US (Chicago)<\/p>\n\n\n\n<p>&nbsp;&nbsp;&nbsp;&nbsp;&nbsp;&nbsp;&nbsp; +1 346 248 7799 US (Houston)<\/p>\n\n\n\n<p>&nbsp;&nbsp;&nbsp;&nbsp;&nbsp;&nbsp;&nbsp; +1 646 558 8656 US (New York)<\/p>\n\n\n\n<p>&nbsp;&nbsp;&nbsp;&nbsp;&nbsp;&nbsp;&nbsp; +1 669 900 9128 US (San Jose)<\/p>\n\n\n\n<p>&nbsp;&nbsp;&nbsp;&nbsp;&nbsp;&nbsp;&nbsp; +1 253 215 8782 US (Tacoma)<\/p>\n\n\n\n<p>&nbsp;&nbsp;&nbsp;&nbsp;&nbsp;&nbsp;&nbsp; +1 301 715 8592 US (Washington DC)<\/p>\n\n\n\n<p>Meeting ID: 985 9430 9284<\/p>\n\n\n\n<p>Passcode: 659352<\/p>\n\n\n\n<p>Find your local number:&nbsp;<a href=\"https:\/\/zoom.us\/u\/aeyPC6Vt1b\" target=\"_blank\" rel=\"noreferrer noopener\">https:\/\/zoom.us\/u\/aeyPC6Vt1b<\/a><\/p>\n","protected":false},"excerpt":{"rendered":"<p>1 Haziran 2022 \u00c7ar\u015famba S\u00f6yle\u015fisi Merve Kayaduvar : &#8220;GEN\u00c7 \u0130\u015eS\u0130ZL\u0130\u011e\u0130 \u0130LE M\u00dcCADELEDE AKT\u0130F \u0130ST\u0130HDAM POL\u0130T\u0130KALARININ ROL\u00dc&#8220; yalman@metu.edu.tr&nbsp;is inviting you to a scheduled Zoom meeting. Topic: My Meeting Time: Jun 1, 2022 08:00 PM Istanbul Join Zoom Meeting Meeting ID: 985 9430 9284 Passcode: 659352 One tap mobile +13126266799,,98594309284#,,,,*659352# US (Chicago) +13462487799,,98594309284#,,,,*659352# US (Houston) Dial by [&hellip;]<\/p>\n","protected":false},"author":3,"featured_media":0,"parent":827,"menu_order":0,"comment_status":"closed","ping_status":"closed","template":"","meta":{"_uag_custom_page_level_css":"","_themeisle_gutenberg_block_has_review":false,"footnotes":""},"class_list":["post-1198","page","type-page","status-publish","hentry"],"blocksy_meta":[],"uagb_featured_image_src":{"full":false,"thumbnail":false,"medium":false,"medium_large":false,"large":false,"1536x1536":false,"2048x2048":false},"uagb_author_info":{"display_name":false,"author_link":"https:\/\/tsbd.org.tr\/?author=3"},"uagb_comment_info":0,"uagb_excerpt":"1 Haziran 2022 \u00c7ar\u015famba S\u00f6yle\u015fisi Merve Kayaduvar : &#8220;GEN\u00c7 \u0130\u015eS\u0130ZL\u0130\u011e\u0130 \u0130LE M\u00dcCADELEDE AKT\u0130F \u0130ST\u0130HDAM POL\u0130T\u0130KALARININ ROL\u00dc&#8220; yalman@metu.edu.tr&nbsp;is inviting you to a scheduled Zoom meeting. Topic: My Meeting Time: Jun 1, 2022 08:00 PM Istanbul Join Zoom Meeting Meeting ID: 985 9430 9284 Passcode: 659352 One tap mobile +13126266799,,98594309284#,,,,*659352# US (Chicago) +13462487799,,98594309284#,,,,*659352# US (Houston) Dial by&hellip;","_links":{"self":[{"href":"https:\/\/tsbd.org.tr\/index.php?rest_route=\/wp\/v2\/pages\/1198","targetHints":{"allow":["GET"]}}],"collection":[{"href":"https:\/\/tsbd.org.tr\/index.php?rest_route=\/wp\/v2\/pages"}],"about":[{"href":"https:\/\/tsbd.org.tr\/index.php?rest_route=\/wp\/v2\/types\/page"}],"author":[{"embeddable":true,"href":"https:\/\/tsbd.org.tr\/index.php?rest_route=\/wp\/v2\/users\/3"}],"replies":[{"embeddable":true,"href":"https:\/\/tsbd.org.tr\/index.php?rest_route=%2Fwp%2Fv2%2Fcomments&post=1198"}],"version-history":[{"count":2,"href":"https:\/\/tsbd.org.tr\/index.php?rest_route=\/wp\/v2\/pages\/1198\/revisions"}],"predecessor-version":[{"id":1203,"href":"https:\/\/tsbd.org.tr\/index.php?rest_route=\/wp\/v2\/pages\/1198\/revisions\/1203"}],"up":[{"embeddable":true,"href":"https:\/\/tsbd.org.tr\/index.php?rest_route=\/wp\/v2\/pages\/827"}],"wp:attachment":[{"href":"https:\/\/tsbd.org.tr\/index.php?rest_route=%2Fwp%2Fv2%2Fmedia&parent=1198"}],"curies":[{"name":"wp","href":"https:\/\/api.w.org\/{rel}","templated":true}]}}