{"id":1317,"date":"2023-02-15T19:33:38","date_gmt":"2023-02-15T16:33:38","guid":{"rendered":"http:\/\/tsbd.org.tr\/?page_id=1317"},"modified":"2023-12-12T16:05:38","modified_gmt":"2023-12-12T13:05:38","slug":"genc-sosyal-bilimciler-cagrisi","status":"publish","type":"page","link":"https:\/\/tsbd.org.tr\/?page_id=1317","title":{"rendered":"GEN\u00c7 SOSYAL B\u0130L\u0130MC\u0130LER \u00c7A\u011eRISI \u0130\u00c7\u0130N BA\u015eVURU S\u00dcRES\u0130 UZATILDI"},"content":{"rendered":"\n<div data-wp-interactive=\"core\/file\" class=\"wp-block-file\"><object data-wp-bind--hidden=\"!state.hasPdfPreview\" hidden class=\"wp-block-file__embed\" data=\"http:\/\/tsbd.org.tr\/wp-content\/uploads\/2023\/05\/2023-GSB-UZATMA.pdf\" type=\"application\/pdf\" style=\"width:100%;height:600px\" aria-label=\"2023-GSB-UZATMA g\u00f6m\u00fcs\u00fc. g\u00f6m\u00fcs\u00fc.\"><\/object><a id=\"wp-block-file--media-c90d4a3d-abdd-4e2e-8e89-6c461d14957a\" href=\"http:\/\/tsbd.org.tr\/wp-content\/uploads\/2023\/05\/2023-GSB-UZATMA.pdf\">2023-GSB-UZATMA<\/a><a href=\"http:\/\/tsbd.org.tr\/wp-content\/uploads\/2023\/05\/2023-GSB-UZATMA.pdf\" class=\"wp-block-file__button\" download aria-describedby=\"wp-block-file--media-c90d4a3d-abdd-4e2e-8e89-6c461d14957a\">\u0130ndir<\/a><\/div>\n","protected":false},"excerpt":{"rendered":"","protected":false},"author":3,"featured_media":1364,"parent":0,"menu_order":0,"comment_status":"closed","ping_status":"closed","template":"","meta":{"_uag_custom_page_level_css":"","_themeisle_gutenberg_block_has_review":false,"footnotes":""},"class_list":["post-1317","page","type-page","status-publish","has-post-thumbnail","hentry"],"blocksy_meta":[],"uagb_featured_image_src":{"full":["https:\/\/tsbd.org.tr\/wp-content\/uploads\/2023\/11\/TSBD_LOGO_1920X1080-e1741312834464.png",1453,595,false],"thumbnail":["https:\/\/tsbd.org.tr\/wp-content\/uploads\/2023\/11\/TSBD_LOGO_1920X1080-e1741312834464-150x150.png",150,150,true],"medium":["https:\/\/tsbd.org.tr\/wp-content\/uploads\/2023\/11\/TSBD_LOGO_1920X1080-e1741312834464-300x123.png",300,123,true],"medium_large":["https:\/\/tsbd.org.tr\/wp-content\/uploads\/2023\/11\/TSBD_LOGO_1920X1080-e1741312834464-768x314.png",768,314,true],"large":["https:\/\/tsbd.org.tr\/wp-content\/uploads\/2023\/11\/TSBD_LOGO_1920X1080-e1741312834464-1024x419.png",1024,419,true],"1536x1536":["https:\/\/tsbd.org.tr\/wp-content\/uploads\/2023\/11\/TSBD_LOGO_1920X1080-1536x864.png",1536,864,true],"2048x2048":["https:\/\/tsbd.org.tr\/wp-content\/uploads\/2023\/11\/TSBD_LOGO_1920X1080-e1741312834464.png",1453,595,false]},"uagb_author_info":{"display_name":false,"author_link":"https:\/\/tsbd.org.tr\/?author=3"},"uagb_comment_info":0,"uagb_excerpt":null,"_links":{"self":[{"href":"https:\/\/tsbd.org.tr\/index.php?rest_route=\/wp\/v2\/pages\/1317","targetHints":{"allow":["GET"]}}],"collection":[{"href":"https:\/\/tsbd.org.tr\/index.php?rest_route=\/wp\/v2\/pages"}],"about":[{"href":"https:\/\/tsbd.org.tr\/index.php?rest_route=\/wp\/v2\/types\/page"}],"author":[{"embeddable":true,"href":"https:\/\/tsbd.org.tr\/index.php?rest_route=\/wp\/v2\/users\/3"}],"replies":[{"embeddable":true,"href":"https:\/\/tsbd.org.tr\/index.php?rest_route=%2Fwp%2Fv2%2Fcomments&post=1317"}],"version-history":[{"count":5,"href":"https:\/\/tsbd.org.tr\/index.php?rest_route=\/wp\/v2\/pages\/1317\/revisions"}],"predecessor-version":[{"id":1346,"href":"https:\/\/tsbd.org.tr\/index.php?rest_route=\/wp\/v2\/pages\/1317\/revisions\/1346"}],"wp:featuredmedia":[{"embeddable":true,"href":"https:\/\/tsbd.org.tr\/index.php?rest_route=\/wp\/v2\/media\/1364"}],"wp:attachment":[{"href":"https:\/\/tsbd.org.tr\/index.php?rest_route=%2Fwp%2Fv2%2Fmedia&parent=1317"}],"curies":[{"name":"wp","href":"https:\/\/api.w.org\/{rel}","templated":true}]}}