{"id":1592,"date":"2024-07-02T14:56:46","date_gmt":"2024-07-02T11:56:46","guid":{"rendered":"https:\/\/tsbd.org.tr\/?page_id=1592"},"modified":"2024-07-27T13:11:30","modified_gmt":"2024-07-27T10:11:30","slug":"turkiyede-uluslararasi-iliskiler-disiplininin-dunu-bugunu-yarini-ve-odtunun-rolu","status":"publish","type":"page","link":"https:\/\/tsbd.org.tr\/?page_id=1592","title":{"rendered":"T\u00dcRK\u0130YE\u2019DE ULUSLARARASI \u0130L\u0130\u015eK\u0130LER D\u0130S\u0130PL\u0130N\u0130N\u0130N D\u00dcN\u00dc, BUG\u00dcN\u00dc, YARINI VE ODT\u00dc\u2019N\u00dcN ROL\u00dc"},"content":{"rendered":"<a href=\"https:\/\/tsbd.org.tr\/wp-content\/uploads\/2024\/07\/Atila-Eralp-Temmuz-2024.pdf\" class=\"pdfemb-viewer\" style=\"\" data-width=\"max\" data-height=\"max\" data-toolbar=\"bottom\" data-toolbar-fixed=\"on\">Atila-Eralp-Temmuz-2024<\/a>\n<p class=\"wp-block-pdfemb-pdf-embedder-viewer\"><\/p>\n\n\n\n<div data-wp-interactive=\"core\/file\" class=\"wp-block-file\"><object data-wp-bind--hidden=\"!state.hasPdfPreview\" hidden class=\"wp-block-file__embed\" data=\"http:\/\/tsbd.org.tr\/wp-content\/uploads\/2024\/07\/Atila-Eralp-Temmuz-2024.pdf\" type=\"application\/pdf\" style=\"width:100%;height:600px\" aria-label=\"Atila Eralp Temmuz 2024 g\u00f6m\u00fcs\u00fc.\"><\/object><a id=\"wp-block-file--media-7a16c883-6aad-421d-8b42-60a151272577\" href=\"http:\/\/tsbd.org.tr\/wp-content\/uploads\/2024\/07\/Atila-Eralp-Temmuz-2024.pdf\">Atila Eralp Temmuz 2024<\/a><a href=\"http:\/\/tsbd.org.tr\/wp-content\/uploads\/2024\/07\/Atila-Eralp-Temmuz-2024.pdf\" class=\"wp-block-file__button wp-element-button\" download aria-describedby=\"wp-block-file--media-7a16c883-6aad-421d-8b42-60a151272577\">\u0130ndir<\/a><\/div>\n","protected":false},"excerpt":{"rendered":"","protected":false},"author":3,"featured_media":0,"parent":0,"menu_order":0,"comment_status":"closed","ping_status":"closed","template":"","meta":{"_uag_custom_page_level_css":"","_themeisle_gutenberg_block_has_review":false,"footnotes":""},"class_list":["post-1592","page","type-page","status-publish","hentry"],"blocksy_meta":[],"uagb_featured_image_src":{"full":false,"thumbnail":false,"medium":false,"medium_large":false,"large":false,"1536x1536":false,"2048x2048":false},"uagb_author_info":{"display_name":false,"author_link":"https:\/\/tsbd.org.tr\/?author=3"},"uagb_comment_info":0,"uagb_excerpt":null,"_links":{"self":[{"href":"https:\/\/tsbd.org.tr\/index.php?rest_route=\/wp\/v2\/pages\/1592","targetHints":{"allow":["GET"]}}],"collection":[{"href":"https:\/\/tsbd.org.tr\/index.php?rest_route=\/wp\/v2\/pages"}],"about":[{"href":"https:\/\/tsbd.org.tr\/index.php?rest_route=\/wp\/v2\/types\/page"}],"author":[{"embeddable":true,"href":"https:\/\/tsbd.org.tr\/index.php?rest_route=\/wp\/v2\/users\/3"}],"replies":[{"embeddable":true,"href":"https:\/\/tsbd.org.tr\/index.php?rest_route=%2Fwp%2Fv2%2Fcomments&post=1592"}],"version-history":[{"count":4,"href":"https:\/\/tsbd.org.tr\/index.php?rest_route=\/wp\/v2\/pages\/1592\/revisions"}],"predecessor-version":[{"id":1610,"href":"https:\/\/tsbd.org.tr\/index.php?rest_route=\/wp\/v2\/pages\/1592\/revisions\/1610"}],"wp:attachment":[{"href":"https:\/\/tsbd.org.tr\/index.php?rest_route=%2Fwp%2Fv2%2Fmedia&parent=1592"}],"curies":[{"name":"wp","href":"https:\/\/api.w.org\/{rel}","templated":true}]}}