{"id":1784,"date":"2025-03-07T04:21:59","date_gmt":"2025-03-07T01:21:59","guid":{"rendered":"https:\/\/tsbd.org.tr\/?page_id=1784"},"modified":"2025-03-07T04:21:59","modified_gmt":"2025-03-07T01:21:59","slug":"genc-sosyal-bilimciler-odulleri-2","status":"publish","type":"page","link":"https:\/\/tsbd.org.tr\/?page_id=1784","title":{"rendered":"Gen\u00e7 Sosyal Bilimciler \u00d6d\u00fclleri"},"content":{"rendered":"","protected":false},"excerpt":{"rendered":"","protected":false},"author":6,"featured_media":0,"parent":0,"menu_order":0,"comment_status":"closed","ping_status":"closed","template":"","meta":{"_uag_custom_page_level_css":"","_themeisle_gutenberg_block_has_review":false,"footnotes":""},"class_list":["post-1784","page","type-page","status-publish","hentry"],"blocksy_meta":[],"uagb_featured_image_src":{"full":false,"thumbnail":false,"medium":false,"medium_large":false,"large":false,"1536x1536":false,"2048x2048":false},"uagb_author_info":{"display_name":false,"author_link":"https:\/\/tsbd.org.tr\/?author=6"},"uagb_comment_info":0,"uagb_excerpt":null,"_links":{"self":[{"href":"https:\/\/tsbd.org.tr\/index.php?rest_route=\/wp\/v2\/pages\/1784","targetHints":{"allow":["GET"]}}],"collection":[{"href":"https:\/\/tsbd.org.tr\/index.php?rest_route=\/wp\/v2\/pages"}],"about":[{"href":"https:\/\/tsbd.org.tr\/index.php?rest_route=\/wp\/v2\/types\/page"}],"author":[{"embeddable":true,"href":"https:\/\/tsbd.org.tr\/index.php?rest_route=\/wp\/v2\/users\/6"}],"replies":[{"embeddable":true,"href":"https:\/\/tsbd.org.tr\/index.php?rest_route=%2Fwp%2Fv2%2Fcomments&post=1784"}],"version-history":[{"count":1,"href":"https:\/\/tsbd.org.tr\/index.php?rest_route=\/wp\/v2\/pages\/1784\/revisions"}],"predecessor-version":[{"id":1785,"href":"https:\/\/tsbd.org.tr\/index.php?rest_route=\/wp\/v2\/pages\/1784\/revisions\/1785"}],"wp:attachment":[{"href":"https:\/\/tsbd.org.tr\/index.php?rest_route=%2Fwp%2Fv2%2Fmedia&parent=1784"}],"curies":[{"name":"wp","href":"https:\/\/api.w.org\/{rel}","templated":true}]}}