{"id":31,"date":"2017-01-25T18:44:10","date_gmt":"2017-01-25T15:44:10","guid":{"rendered":"http:\/\/tsbd.org.tr\/?page_id=31"},"modified":"2022-10-31T16:51:57","modified_gmt":"2022-10-31T13:51:57","slug":"dernek-hakkinda","status":"publish","type":"page","link":"https:\/\/tsbd.org.tr\/?page_id=31","title":{"rendered":"DERNEK HAKKINDA"},"content":{"rendered":"<p><strong>KURULU\u015e<br \/>\n<\/strong>T\u00fcrk Sosyal Bilimler Derne\u011fi(TSBD), 1967 y\u0131l\u0131nda Ankara&#8217;da kurulmu\u015ftur. T\u00fcrkiye&#8217;nin sosyal bilimler alan\u0131nda \u00e7al\u0131\u015fanlar\u0131n ve ara\u015ft\u0131rma yapanlar\u0131n \u00f6nemli bir b\u00f6l\u00fcm\u00fcn\u00fc b\u00fcnyesinde toplamaktad\u0131r.<\/p>\n<p>1978 y\u0131l\u0131nda Bakanlar Kurulu&#8217;nun 07.08.1978 tarih ve 7\/16195 say\u0131l\u0131 karar\u0131yla Dernek ad\u0131na &#8220;<strong>T\u00fcrk<\/strong>&#8221; s\u0131fat\u0131n\u0131n eklenmesine izin \u00e7\u0131km\u0131\u015ft\u0131r. 1992 y\u0131l\u0131nda ise, Dernek Bakanlar Kurulu&#8217;nun 10.02.1992 tarih ve 92\/2725 say\u0131l\u0131 (21168 say\u0131l\u0131 ve 11.03.1992 tarihli Resmi Gazete\u2019de yay\u0131nlanan) karar\u0131 ile &#8220;<strong>kamu yarar\u0131na \u00e7al\u0131\u015fan dernek<\/strong>&#8221; niteli\u011fini kazanm\u0131\u015ft\u0131r. Bilindi\u011fi \u00fczere, bu stat\u00fcdeki derneklere hukukumuzda bir\u00e7ok olanaklar tan\u0131nmaktad\u0131r.<\/p>\n<p><b>AMA\u00c7<br \/>\n<\/b>T\u00fcrk Sosyal Bilimler Derne\u011fi, T\u00fcrkiye&#8217;de sosyal bilimler alan\u0131nda \u00e7al\u0131\u015fanlar\u0131n olu\u015fturdu\u011fu bilimsel bir kurulu\u015ftur. T\u00fcz\u00fc\u011f\u00fcnde Derne\u011fin as\u0131l amac\u0131,&#8221;T\u00fcrkiye&#8217;de sosyal bilimlerin geli\u015fmesine hizmet etmek, bu yolda \u00e7al\u0131\u015fmalar yapmak ya da yap\u0131lan \u00e7al\u0131\u015fmalar\u0131 desteklemek, sosyal bilimler alan\u0131nda ampirik ara\u015ft\u0131rmalar\u0131n \u00e7o\u011falmas\u0131n\u0131 \u00f6zendirmek, ara\u015ft\u0131rma ve yay\u0131n yolu ile T\u00fcrkiye&#8217;nin d\u00fc\u015f\u00fcnce hayat\u0131na katk\u0131da bulunmak&#8221; bi\u00e7iminde belirtilmektedir. Bu ama\u00e7 yan\u0131nda, &#8220;T\u00fcrk sosyal bilimcileri aras\u0131ndaki ileti\u015fimi artt\u0131rmak, T\u00fcrk sosyal bilimcileri ile yabanc\u0131 meslekta\u015flar\u0131 aras\u0131nda yak\u0131nla\u015fma ve i\u015fbirli\u011fi sa\u011flamak, ortak \u00e7al\u0131\u015fma olanaklar\u0131 yaratmak&#8221; da dernek ama\u00e7lar\u0131 aras\u0131nda yer almaktad\u0131r.<\/p>\n<p>T\u00fcrk Sosyal Bilimler Derne\u011fi, yukar\u0131da belirtilen ama\u00e7lar\u0131 ger\u00e7ekle\u015ftirmek \u00fczere bilimsel \u00e7al\u0131\u015fmalar yapmakta, ara\u015ft\u0131rmalar\u0131 desteklemek i\u00e7in kaynaklar bulmakta, bilimsel kongre, konferans ve sempozyumlar d\u00fczenlemekte, yay\u0131nlar yapmakta, bilimin yayg\u0131nla\u015fmas\u0131 ve geli\u015fmesi i\u00e7in \u00e7e\u015fitli olanaklar\u0131 de\u011ferlendirmektedir. Bir yandan da d\u0131\u015f d\u00fcnyaya a\u00e7\u0131larak, bilimsel \u00e7al\u0131\u015fmalar\u0131 izlemekte, d\u0131\u015f ili\u015fkileri geli\u015ftirmeye \u00e7al\u0131\u015fmakta, ayr\u0131ca bu yolla, Derne\u011fin ya\u015famas\u0131na ve etkinliklerine kaynak sa\u011flamaktad\u0131r.<\/p>\n","protected":false},"excerpt":{"rendered":"<p>KURULU\u015e T\u00fcrk Sosyal Bilimler Derne\u011fi(TSBD), 1967 y\u0131l\u0131nda Ankara&#8217;da kurulmu\u015ftur. T\u00fcrkiye&#8217;nin sosyal bilimler alan\u0131nda \u00e7al\u0131\u015fanlar\u0131n ve ara\u015ft\u0131rma yapanlar\u0131n \u00f6nemli bir b\u00f6l\u00fcm\u00fcn\u00fc b\u00fcnyesinde toplamaktad\u0131r. 1978 y\u0131l\u0131nda Bakanlar Kurulu&#8217;nun 07.08.1978 tarih ve 7\/16195 say\u0131l\u0131 karar\u0131yla Dernek ad\u0131na &#8220;T\u00fcrk&#8221; s\u0131fat\u0131n\u0131n eklenmesine izin \u00e7\u0131km\u0131\u015ft\u0131r. 1992 y\u0131l\u0131nda ise, Dernek Bakanlar Kurulu&#8217;nun 10.02.1992 tarih ve 92\/2725 say\u0131l\u0131 (21168 say\u0131l\u0131 ve 11.03.1992 tarihli [&hellip;]<\/p>\n","protected":false},"author":1,"featured_media":0,"parent":0,"menu_order":0,"comment_status":"closed","ping_status":"closed","template":"","meta":{"_uag_custom_page_level_css":"","_themeisle_gutenberg_block_has_review":false,"footnotes":""},"class_list":["post-31","page","type-page","status-publish","hentry"],"blocksy_meta":[],"uagb_featured_image_src":{"full":false,"thumbnail":false,"medium":false,"medium_large":false,"large":false,"1536x1536":false,"2048x2048":false},"uagb_author_info":{"display_name":false,"author_link":"https:\/\/tsbd.org.tr\/?author=1"},"uagb_comment_info":0,"uagb_excerpt":"KURULU\u015e T\u00fcrk Sosyal Bilimler Derne\u011fi(TSBD), 1967 y\u0131l\u0131nda Ankara&#8217;da kurulmu\u015ftur. T\u00fcrkiye&#8217;nin sosyal bilimler alan\u0131nda \u00e7al\u0131\u015fanlar\u0131n ve ara\u015ft\u0131rma yapanlar\u0131n \u00f6nemli bir b\u00f6l\u00fcm\u00fcn\u00fc b\u00fcnyesinde toplamaktad\u0131r. 1978 y\u0131l\u0131nda Bakanlar Kurulu&#8217;nun 07.08.1978 tarih ve 7\/16195 say\u0131l\u0131 karar\u0131yla Dernek ad\u0131na &#8220;T\u00fcrk&#8221; s\u0131fat\u0131n\u0131n eklenmesine izin \u00e7\u0131km\u0131\u015ft\u0131r. 1992 y\u0131l\u0131nda ise, Dernek Bakanlar Kurulu&#8217;nun 10.02.1992 tarih ve 92\/2725 say\u0131l\u0131 (21168 say\u0131l\u0131 ve 11.03.1992 tarihli&hellip;","_links":{"self":[{"href":"https:\/\/tsbd.org.tr\/index.php?rest_route=\/wp\/v2\/pages\/31","targetHints":{"allow":["GET"]}}],"collection":[{"href":"https:\/\/tsbd.org.tr\/index.php?rest_route=\/wp\/v2\/pages"}],"about":[{"href":"https:\/\/tsbd.org.tr\/index.php?rest_route=\/wp\/v2\/types\/page"}],"author":[{"embeddable":true,"href":"https:\/\/tsbd.org.tr\/index.php?rest_route=\/wp\/v2\/users\/1"}],"replies":[{"embeddable":true,"href":"https:\/\/tsbd.org.tr\/index.php?rest_route=%2Fwp%2Fv2%2Fcomments&post=31"}],"version-history":[{"count":9,"href":"https:\/\/tsbd.org.tr\/index.php?rest_route=\/wp\/v2\/pages\/31\/revisions"}],"predecessor-version":[{"id":1012,"href":"https:\/\/tsbd.org.tr\/index.php?rest_route=\/wp\/v2\/pages\/31\/revisions\/1012"}],"wp:attachment":[{"href":"https:\/\/tsbd.org.tr\/index.php?rest_route=%2Fwp%2Fv2%2Fmedia&parent=31"}],"curies":[{"name":"wp","href":"https:\/\/api.w.org\/{rel}","templated":true}]}}