{"id":42,"date":"2017-01-25T18:47:58","date_gmt":"2017-01-25T15:47:58","guid":{"rendered":"http:\/\/tsbd.org.tr\/?page_id=42"},"modified":"2022-10-31T17:08:45","modified_gmt":"2022-10-31T14:08:45","slug":"iletisim","status":"publish","type":"page","link":"https:\/\/tsbd.org.tr\/?page_id=42","title":{"rendered":"\u0130LET\u0130\u015e\u0130M"},"content":{"rendered":"<p><strong>Tel:<\/strong> 0 312 441 45 24<br \/>\n<strong>GSM:<\/strong> 0534 389 95 64<\/p>\n<p><strong>E-Posta:<\/strong> tsbd@tsbd.org.tr<\/p>\n<div><span class=\"_50f4\"><strong>Adres:<\/strong> Aziziye Mahallesi, Ho\u015fdere Caddesi Hava Sokak 25\/1 <\/span><span class=\"_50f4\">\u00c7ankaya-ANKARA<\/span><\/div>\n<p><iframe style=\"border: 0;\" src=\"https:\/\/www.google.com\/maps\/embed?pb=!1m18!1m12!1m3!1d3061.4852384921473!2d32.84895331493117!3d39.88576697943043!2m3!1f0!2f0!3f0!3m2!1i1024!2i768!4f13.1!3m3!1m2!1s0x14d3458078d72885%3A0x6738bb0bd3ea86d0!2sAziziye%2C+Hava+Sk.+No%3A25%2C+06690+%C3%87ankaya%2FAnkara!5e0!3m2!1str!2str!4v1485360646670\" width=\"400\" height=\"300\" frameborder=\"0\" allowfullscreen=\"allowfullscreen\"><\/iframe><\/p>\n","protected":false},"excerpt":{"rendered":"<p>Tel: 0 312 441 45 24 GSM: 0534 389 95 64 E-Posta: tsbd@tsbd.org.tr Adres: Aziziye Mahallesi, Ho\u015fdere Caddesi Hava Sokak 25\/1 \u00c7ankaya-ANKARA<\/p>\n","protected":false},"author":1,"featured_media":0,"parent":0,"menu_order":7,"comment_status":"closed","ping_status":"closed","template":"","meta":{"_uag_custom_page_level_css":"","_themeisle_gutenberg_block_has_review":false,"footnotes":""},"class_list":["post-42","page","type-page","status-publish","hentry"],"blocksy_meta":[],"uagb_featured_image_src":{"full":false,"thumbnail":false,"medium":false,"medium_large":false,"large":false,"1536x1536":false,"2048x2048":false},"uagb_author_info":{"display_name":false,"author_link":"https:\/\/tsbd.org.tr\/?author=1"},"uagb_comment_info":0,"uagb_excerpt":"Tel: 0 312 441 45 24 GSM: 0534 389 95 64 E-Posta: tsbd@tsbd.org.tr Adres: Aziziye Mahallesi, Ho\u015fdere Caddesi Hava Sokak 25\/1 \u00c7ankaya-ANKARA","_links":{"self":[{"href":"https:\/\/tsbd.org.tr\/index.php?rest_route=\/wp\/v2\/pages\/42","targetHints":{"allow":["GET"]}}],"collection":[{"href":"https:\/\/tsbd.org.tr\/index.php?rest_route=\/wp\/v2\/pages"}],"about":[{"href":"https:\/\/tsbd.org.tr\/index.php?rest_route=\/wp\/v2\/types\/page"}],"author":[{"embeddable":true,"href":"https:\/\/tsbd.org.tr\/index.php?rest_route=\/wp\/v2\/users\/1"}],"replies":[{"embeddable":true,"href":"https:\/\/tsbd.org.tr\/index.php?rest_route=%2Fwp%2Fv2%2Fcomments&post=42"}],"version-history":[{"count":8,"href":"https:\/\/tsbd.org.tr\/index.php?rest_route=\/wp\/v2\/pages\/42\/revisions"}],"predecessor-version":[{"id":1030,"href":"https:\/\/tsbd.org.tr\/index.php?rest_route=\/wp\/v2\/pages\/42\/revisions\/1030"}],"wp:attachment":[{"href":"https:\/\/tsbd.org.tr\/index.php?rest_route=%2Fwp%2Fv2%2Fmedia&parent=42"}],"curies":[{"name":"wp","href":"https:\/\/api.w.org\/{rel}","templated":true}]}}