{"id":820,"date":"2021-02-08T21:48:23","date_gmt":"2021-02-08T18:48:23","guid":{"rendered":"http:\/\/tsbd.org.tr\/?page_id=820"},"modified":"2021-05-23T17:20:51","modified_gmt":"2021-05-23T14:20:51","slug":"tsbd-gorusu","status":"publish","type":"page","link":"https:\/\/tsbd.org.tr\/?page_id=820","title":{"rendered":"TSBD&#8217;N\u0130N BO\u011eAZ\u0130\u00c7\u0130 \u00dcN\u0130VERS\u0130TES\u0130 G\u00d6R\u00dc\u015e\u00dc"},"content":{"rendered":"\n<p class=\"has-text-align-right\"><strong>\u00a0\u00a0\u00a0\u00a0\u00a0\u00a0\u00a0\u00a0\u00a0\u00a0\u00a0\u00a0\u00a0\u00a0\u00a0\u00a0\u00a0\u00a0\u00a0\u00a0\u00a0\u00a0\u00a0\u00a0\u00a0\u00a0\u00a0\u00a0\u00a0\u00a0\u00a0\u00a0\u00a0\u00a0\u00a0\u00a0\u00a0\u00a0\u00a0\u00a0\u00a0\u00a0\u00a0\u00a0\u00a0\u00a0\u00a0\u00a0\u00a0\u00a0\u00a0\u00a0\u00a0\u00a0 \u00a0\u00a0\u00a0\u00a0\u00a0\u00a0\u00a0\u00a0\u00a0\u00a0\u00a0\u00a0\u00a0\u00a0\u00a0\u00a0\u00a0\u00a0\u00a0\u00a0\u00a0\u00a0\u00a0 8 \u015eubat 2021<\/strong><\/p>\n\n\n\n<p><strong>\u00dcniversitelerin sesi art\u0131k duyulmal\u0131d\u0131r<\/strong><\/p>\n\n\n\n<p>Bo\u011fazi\u00e7i \u00dcniversitesi&#8217;ne (B\u00dc) \u00dcniversite d\u0131\u015f\u0131ndan bir rekt\u00f6r atanmas\u0131, \u00fcstelik atanan ki\u015finin bilimsel etik bak\u0131m\u0131ndan tart\u0131\u015fmal\u0131 bir ge\u00e7mi\u015finin olmas\u0131, \u00f6\u011fretim \u00fcyelerinin ve \u00f6\u011frencilerin hakl\u0131 ve ortak tepkilerine neden olmu\u015ftur ve olmaya devam etmektedir.<\/p>\n\n\n\n<p>B\u00dc \u00f6\u011fretim \u00fcyelerinin bu liyakat-d\u0131\u015f\u0131 ve kurum-d\u0131\u015f\u0131 atamaya kar\u015f\u0131 s\u00fcrd\u00fcrd\u00fc\u011f\u00fc kararl\u0131 duru\u015fu de\u011fersizle\u015ftirme gayreti i\u00e7inde, \u00e7ok sayg\u0131n bir \u00f6\u011fretim \u00fcyesine y\u00f6nelik olarak yap\u0131lan s\u00f6zl\u00fc sald\u0131r\u0131 da ayr\u0131ca k\u0131nanmal\u0131d\u0131r. Anayasal haklar\u0131 \u00e7er\u00e7evesinde bar\u0131\u015f\u00e7\u0131l protesto g\u00f6sterileri yapan \u00f6\u011frencileri kriminalize etmeye de kimsenin hakk\u0131 yoktur. Demokratik hak ve \u00f6zg\u00fcrl\u00fckleri s\u00f6zl\u00fc ve fiziki \u015fiddet kullanarak engellemeye y\u00f6nelik dayatmac\u0131 ve otoriter bir iktidar zihniyetinin yol a\u00e7t\u0131\u011f\u0131 bu geli\u015fmelerden T\u00fcrkiye&#8217;deki bilimsel ortam\u0131n onulmaz yaralar alaca\u011f\u0131ndan dolay\u0131 derin kayg\u0131 duymaktay\u0131z.<\/p>\n\n\n\n<p>T\u00fcrk Sosyal Bilimler Derne\u011fi (TSBD) 54 y\u0131ll\u0131k tarihinin her d\u00f6neminde d\u00fc\u015f\u00fcnce ve ifade \u00f6zg\u00fcrl\u00fcklerinin savunucusu olmu\u015ftur. \u00dcniversiteler, yarat\u0131c\u0131l\u0131\u011f\u0131n olmazsa olmaz\u0131 olan \u00f6zg\u00fcr bir havan\u0131n solunaca\u011f\u0131 ama ayn\u0131 zamanda bilimsel eti\u011fin en temel ilke say\u0131laca\u011f\u0131 kurumlar olmak zorundad\u0131r. \u00dcniversiteler, siyasal iktidarlar\u0131n m\u00fcdahalelerinden mutlaka korunmal\u0131; bu nedenle de y\u00f6netsel, akademik ve mali \u00f6zerkli\u011fe sahip olmal\u0131d\u0131rlar. E\u011fer T\u00fcrkiye \u00fcniversiteleri i\u00e7inden d\u00fcnya \u00e7ap\u0131nda \u00f6rnek kurumlar \u00e7\u0131kmas\u0131 isteniyorsa, bilimsel \u00f6zg\u00fcrl\u00fck ve \u00f6zerkli\u011fin t\u00fcm ko\u015fullar\u0131 yerine getirilmelidir.<\/p>\n\n\n\n<p>Bu ba\u011flamda, en k\u0131sa zamanda, B\u00dc&#8217;ne yap\u0131lan mevcut rekt\u00f6r atamas\u0131n\u0131n geri al\u0131nmas\u0131 veya rekt\u00f6r\u00fcn istifas\u0131n\u0131n yolunun a\u00e7\u0131lmas\u0131 sa\u011flanmal\u0131, B\u00dc bile\u015fenleriyle ortak bir \u00e7\u00f6z\u00fcm aray\u0131\u015f\u0131na girilmeli, \u00fcniversitelerde atama sisteminden vazge\u00e7ilerek t\u00fcm y\u00f6netsel\/bilimsel kademelerde se\u00e7imleri \u00f6ng\u00f6ren yasal de\u011fi\u015fiklik yap\u0131lmal\u0131d\u0131r.<\/p>\n","protected":false},"excerpt":{"rendered":"<p>\u00a0\u00a0\u00a0\u00a0\u00a0\u00a0\u00a0\u00a0\u00a0\u00a0\u00a0\u00a0\u00a0\u00a0\u00a0\u00a0\u00a0\u00a0\u00a0\u00a0\u00a0\u00a0\u00a0\u00a0\u00a0\u00a0\u00a0\u00a0\u00a0\u00a0\u00a0\u00a0\u00a0\u00a0\u00a0\u00a0\u00a0\u00a0\u00a0\u00a0\u00a0\u00a0\u00a0\u00a0\u00a0\u00a0\u00a0\u00a0\u00a0\u00a0\u00a0\u00a0\u00a0\u00a0 \u00a0\u00a0\u00a0\u00a0\u00a0\u00a0\u00a0\u00a0\u00a0\u00a0\u00a0\u00a0\u00a0\u00a0\u00a0\u00a0\u00a0\u00a0\u00a0\u00a0\u00a0\u00a0\u00a0 8 \u015eubat 2021 \u00dcniversitelerin sesi art\u0131k duyulmal\u0131d\u0131r Bo\u011fazi\u00e7i \u00dcniversitesi&#8217;ne (B\u00dc) \u00dcniversite d\u0131\u015f\u0131ndan bir rekt\u00f6r atanmas\u0131, \u00fcstelik atanan ki\u015finin bilimsel etik bak\u0131m\u0131ndan tart\u0131\u015fmal\u0131 bir ge\u00e7mi\u015finin olmas\u0131, \u00f6\u011fretim \u00fcyelerinin ve \u00f6\u011frencilerin hakl\u0131 ve ortak tepkilerine neden olmu\u015ftur ve olmaya devam etmektedir. B\u00dc \u00f6\u011fretim \u00fcyelerinin bu liyakat-d\u0131\u015f\u0131 ve kurum-d\u0131\u015f\u0131 atamaya kar\u015f\u0131 s\u00fcrd\u00fcrd\u00fc\u011f\u00fc kararl\u0131 duru\u015fu de\u011fersizle\u015ftirme gayreti [&hellip;]<\/p>\n","protected":false},"author":3,"featured_media":0,"parent":863,"menu_order":0,"comment_status":"closed","ping_status":"closed","template":"","meta":{"_uag_custom_page_level_css":"","_themeisle_gutenberg_block_has_review":false,"footnotes":""},"class_list":["post-820","page","type-page","status-publish","hentry"],"blocksy_meta":[],"uagb_featured_image_src":{"full":false,"thumbnail":false,"medium":false,"medium_large":false,"large":false,"1536x1536":false,"2048x2048":false},"uagb_author_info":{"display_name":false,"author_link":"https:\/\/tsbd.org.tr\/?author=3"},"uagb_comment_info":0,"uagb_excerpt":"\u00a0\u00a0\u00a0\u00a0\u00a0\u00a0\u00a0\u00a0\u00a0\u00a0\u00a0\u00a0\u00a0\u00a0\u00a0\u00a0\u00a0\u00a0\u00a0\u00a0\u00a0\u00a0\u00a0\u00a0\u00a0\u00a0\u00a0\u00a0\u00a0\u00a0\u00a0\u00a0\u00a0\u00a0\u00a0\u00a0\u00a0\u00a0\u00a0\u00a0\u00a0\u00a0\u00a0\u00a0\u00a0\u00a0\u00a0\u00a0\u00a0\u00a0\u00a0\u00a0\u00a0\u00a0 \u00a0\u00a0\u00a0\u00a0\u00a0\u00a0\u00a0\u00a0\u00a0\u00a0\u00a0\u00a0\u00a0\u00a0\u00a0\u00a0\u00a0\u00a0\u00a0\u00a0\u00a0\u00a0\u00a0 8 \u015eubat 2021 \u00dcniversitelerin sesi art\u0131k duyulmal\u0131d\u0131r Bo\u011fazi\u00e7i \u00dcniversitesi&#8217;ne (B\u00dc) \u00dcniversite d\u0131\u015f\u0131ndan bir rekt\u00f6r atanmas\u0131, \u00fcstelik atanan ki\u015finin bilimsel etik bak\u0131m\u0131ndan tart\u0131\u015fmal\u0131 bir ge\u00e7mi\u015finin olmas\u0131, \u00f6\u011fretim \u00fcyelerinin ve \u00f6\u011frencilerin hakl\u0131 ve ortak tepkilerine neden olmu\u015ftur ve olmaya devam etmektedir. B\u00dc \u00f6\u011fretim \u00fcyelerinin bu liyakat-d\u0131\u015f\u0131 ve kurum-d\u0131\u015f\u0131 atamaya kar\u015f\u0131 s\u00fcrd\u00fcrd\u00fc\u011f\u00fc kararl\u0131 duru\u015fu de\u011fersizle\u015ftirme gayreti&hellip;","_links":{"self":[{"href":"https:\/\/tsbd.org.tr\/index.php?rest_route=\/wp\/v2\/pages\/820","targetHints":{"allow":["GET"]}}],"collection":[{"href":"https:\/\/tsbd.org.tr\/index.php?rest_route=\/wp\/v2\/pages"}],"about":[{"href":"https:\/\/tsbd.org.tr\/index.php?rest_route=\/wp\/v2\/types\/page"}],"author":[{"embeddable":true,"href":"https:\/\/tsbd.org.tr\/index.php?rest_route=\/wp\/v2\/users\/3"}],"replies":[{"embeddable":true,"href":"https:\/\/tsbd.org.tr\/index.php?rest_route=%2Fwp%2Fv2%2Fcomments&post=820"}],"version-history":[{"count":2,"href":"https:\/\/tsbd.org.tr\/index.php?rest_route=\/wp\/v2\/pages\/820\/revisions"}],"predecessor-version":[{"id":866,"href":"https:\/\/tsbd.org.tr\/index.php?rest_route=\/wp\/v2\/pages\/820\/revisions\/866"}],"up":[{"embeddable":true,"href":"https:\/\/tsbd.org.tr\/index.php?rest_route=\/wp\/v2\/pages\/863"}],"wp:attachment":[{"href":"https:\/\/tsbd.org.tr\/index.php?rest_route=%2Fwp%2Fv2%2Fmedia&parent=820"}],"curies":[{"name":"wp","href":"https:\/\/api.w.org\/{rel}","templated":true}]}}