{"id":850,"date":"2021-05-23T17:00:49","date_gmt":"2021-05-23T14:00:49","guid":{"rendered":"http:\/\/tsbd.org.tr\/?page_id=850"},"modified":"2022-04-10T09:46:33","modified_gmt":"2022-04-10T06:46:33","slug":"meslektas-ve-dostlari-prof-isaya-usurle-bulusuyor","status":"publish","type":"page","link":"https:\/\/tsbd.org.tr\/?page_id=850","title":{"rendered":"20 MAYIS 2021: Meslekta\u015f ve Dostlar\u0131 Prof. \u0130\u015faya \u00dc\u015f\u00fcr&#8217;le Bulu\u015fuyor"},"content":{"rendered":"\n<p>T\u00fcrk Sosyal Bilimler Derne\u011fi Y\u00f6netim Kurullar\u0131nda uzun y\u0131llar y\u00f6netim kurulu \u00fcyesi ve Ba\u015fkan Vekili olarak g\u00f6rev yapm\u0131\u015f Prof. Dr. \u0130\u015faya \u00dc\u015f\u00fcr\u2019\u00fcn aram\u0131zdan ayr\u0131l\u0131\u015f\u0131n\u0131n ilk y\u0131ld\u00f6n\u00fcm\u00fc olan 20 May\u0131s 2021 g\u00fcn\u00fc, saat 16.00\u2019da, &#8220;<strong>Meslekta\u015f ve Dostlar\u0131 Prof. \u0130\u015faya \u00dc\u015f\u00fcr&#8217;le Bulu\u015fuyor<\/strong>&#8221; ba\u015fl\u0131\u011f\u0131 ad\u0131 alt\u0131nda Prof. Dr. Korkut Boratav, Prof. Dr. Oktar T\u00fcrel, Prof. Dr. O\u011fuz Oyan, Prof. Dr. Erin\u00e7 Yeldan, Prof. Aziz Konukman, Prof. Dr. Hayri Kozano\u011flu, Prof. Dr. Kemal G\u00f6rmez ve Dr. Serdar \u015eahinkaya&#8217;n\u0131n kat\u0131l\u0131mlar\u0131 ve Do\u00e7. Dr. Galip Yalman&#8217;\u0131n moderat\u00f6rl\u00fc\u011f\u00fc&#8217;nde bir webinar d\u00fczenlenmi\u015ftir.<br>Bu s\u00f6yle\u015fiyi <strong>Qi.YN76Q<\/strong> \u015fifresini kullanarak <a rel=\"noreferrer noopener\" href=\"https:\/\/zoom.us\/rec\/share\/OchFbLccTwba_oamRmoiDzbO9Vcnc5p0ATxS_WWi1kiHGpPtPx93Mq15pXbjpmBq.3xwFY_FFwFuXVwoh\" target=\"_blank\">https:\/\/zoom.us\/rec\/share\/OchFbLccTwba_oamRmoiDzbO9Vcnc5p0ATxS_WWi1kiHGpPtPx93Mq15pXbjpmBq.3xwFY_FFwFuXVwoh<\/a>&nbsp; linkinden izleyebilirsiniz.<\/p>\n","protected":false},"excerpt":{"rendered":"<p>T\u00fcrk Sosyal Bilimler Derne\u011fi Y\u00f6netim Kurullar\u0131nda uzun y\u0131llar y\u00f6netim kurulu \u00fcyesi ve Ba\u015fkan Vekili olarak g\u00f6rev yapm\u0131\u015f Prof. Dr. \u0130\u015faya \u00dc\u015f\u00fcr\u2019\u00fcn aram\u0131zdan ayr\u0131l\u0131\u015f\u0131n\u0131n ilk y\u0131ld\u00f6n\u00fcm\u00fc olan 20 May\u0131s 2021 g\u00fcn\u00fc, saat 16.00\u2019da, &#8220;Meslekta\u015f ve Dostlar\u0131 Prof. \u0130\u015faya \u00dc\u015f\u00fcr&#8217;le Bulu\u015fuyor&#8221; ba\u015fl\u0131\u011f\u0131 ad\u0131 alt\u0131nda Prof. Dr. Korkut Boratav, Prof. Dr. Oktar T\u00fcrel, Prof. Dr. O\u011fuz Oyan, Prof. [&hellip;]<\/p>\n","protected":false},"author":3,"featured_media":0,"parent":827,"menu_order":5,"comment_status":"closed","ping_status":"closed","template":"","meta":{"_uag_custom_page_level_css":"","_themeisle_gutenberg_block_has_review":false,"footnotes":""},"class_list":["post-850","page","type-page","status-publish","hentry"],"blocksy_meta":[],"uagb_featured_image_src":{"full":false,"thumbnail":false,"medium":false,"medium_large":false,"large":false,"1536x1536":false,"2048x2048":false},"uagb_author_info":{"display_name":false,"author_link":"https:\/\/tsbd.org.tr\/?author=3"},"uagb_comment_info":0,"uagb_excerpt":"T\u00fcrk Sosyal Bilimler Derne\u011fi Y\u00f6netim Kurullar\u0131nda uzun y\u0131llar y\u00f6netim kurulu \u00fcyesi ve Ba\u015fkan Vekili olarak g\u00f6rev yapm\u0131\u015f Prof. Dr. \u0130\u015faya \u00dc\u015f\u00fcr\u2019\u00fcn aram\u0131zdan ayr\u0131l\u0131\u015f\u0131n\u0131n ilk y\u0131ld\u00f6n\u00fcm\u00fc olan 20 May\u0131s 2021 g\u00fcn\u00fc, saat 16.00\u2019da, &#8220;Meslekta\u015f ve Dostlar\u0131 Prof. \u0130\u015faya \u00dc\u015f\u00fcr&#8217;le Bulu\u015fuyor&#8221; ba\u015fl\u0131\u011f\u0131 ad\u0131 alt\u0131nda Prof. Dr. Korkut Boratav, Prof. Dr. Oktar T\u00fcrel, Prof. Dr. O\u011fuz Oyan, Prof.&hellip;","_links":{"self":[{"href":"https:\/\/tsbd.org.tr\/index.php?rest_route=\/wp\/v2\/pages\/850","targetHints":{"allow":["GET"]}}],"collection":[{"href":"https:\/\/tsbd.org.tr\/index.php?rest_route=\/wp\/v2\/pages"}],"about":[{"href":"https:\/\/tsbd.org.tr\/index.php?rest_route=\/wp\/v2\/types\/page"}],"author":[{"embeddable":true,"href":"https:\/\/tsbd.org.tr\/index.php?rest_route=\/wp\/v2\/users\/3"}],"replies":[{"embeddable":true,"href":"https:\/\/tsbd.org.tr\/index.php?rest_route=%2Fwp%2Fv2%2Fcomments&post=850"}],"version-history":[{"count":12,"href":"https:\/\/tsbd.org.tr\/index.php?rest_route=\/wp\/v2\/pages\/850\/revisions"}],"predecessor-version":[{"id":1127,"href":"https:\/\/tsbd.org.tr\/index.php?rest_route=\/wp\/v2\/pages\/850\/revisions\/1127"}],"up":[{"embeddable":true,"href":"https:\/\/tsbd.org.tr\/index.php?rest_route=\/wp\/v2\/pages\/827"}],"wp:attachment":[{"href":"https:\/\/tsbd.org.tr\/index.php?rest_route=%2Fwp%2Fv2%2Fmedia&parent=850"}],"curies":[{"name":"wp","href":"https:\/\/api.w.org\/{rel}","templated":true}]}}