{"id":863,"date":"2021-05-23T17:18:50","date_gmt":"2021-05-23T14:18:50","guid":{"rendered":"http:\/\/tsbd.org.tr\/?page_id=863"},"modified":"2022-10-31T16:53:27","modified_gmt":"2022-10-31T13:53:27","slug":"duyurular","status":"publish","type":"page","link":"https:\/\/tsbd.org.tr\/?page_id=863","title":{"rendered":"DUYURULAR"},"content":{"rendered":"\n<p>TSBD&#8217;nin geleneksel faaliyetlerinden birisi olan \u00c7ar\u015famba S\u00f6yle\u015fileri i\u00e7inde bulundu\u011fumuz Pandemi ko\u015fullar\u0131nda Zoom \u00fczerinden yap\u0131lmaktad\u0131r. Bu s\u00f6yle\u015fileri a\u015fa\u011f\u0131daki linkten takip edebilirsiniz. <\/p>\n\n\n\n<figure class=\"wp-block-embed is-type-wp-embed is-provider-turk-sosyal-bilimler-dernegi wp-block-embed-turk-sosyal-bilimler-dernegi\"><div class=\"wp-block-embed__wrapper\">\n<blockquote class=\"wp-embedded-content\" data-secret=\"cICsNJryQA\"><a href=\"http:\/\/tsbd.org.tr\/?page_id=827\">ZOOM \u00dcZER\u0130NDEN \u00c7AR\u015eAMBA S\u00d6YLE\u015e\u0130LER\u0130<\/a><\/blockquote><iframe class=\"wp-embedded-content\" sandbox=\"allow-scripts\" security=\"restricted\" style=\"position: absolute; clip: rect(1px, 1px, 1px, 1px);\" title=\"&#8220;ZOOM \u00dcZER\u0130NDEN \u00c7AR\u015eAMBA S\u00d6YLE\u015e\u0130LER\u0130&#8221; &#8212; T\u00fcrk Sosyal Bilimler Derne\u011fi\" src=\"http:\/\/tsbd.org.tr\/?page_id=827&#038;embed=true#?secret=09hNqe9RtR#?secret=cICsNJryQA\" data-secret=\"cICsNJryQA\" width=\"600\" height=\"338\" frameborder=\"0\" marginwidth=\"0\" marginheight=\"0\" scrolling=\"no\"><\/iframe>\n<\/div><\/figure>\n","protected":false},"excerpt":{"rendered":"<p>TSBD&#8217;nin geleneksel faaliyetlerinden birisi olan \u00c7ar\u015famba S\u00f6yle\u015fileri i\u00e7inde bulundu\u011fumuz Pandemi ko\u015fullar\u0131nda Zoom \u00fczerinden yap\u0131lmaktad\u0131r. Bu s\u00f6yle\u015fileri a\u015fa\u011f\u0131daki linkten takip edebilirsiniz.<\/p>\n","protected":false},"author":3,"featured_media":0,"parent":0,"menu_order":1,"comment_status":"closed","ping_status":"closed","template":"","meta":{"_uag_custom_page_level_css":"","_themeisle_gutenberg_block_has_review":false,"footnotes":""},"class_list":["post-863","page","type-page","status-publish","hentry"],"blocksy_meta":[],"uagb_featured_image_src":{"full":false,"thumbnail":false,"medium":false,"medium_large":false,"large":false,"1536x1536":false,"2048x2048":false},"uagb_author_info":{"display_name":false,"author_link":"https:\/\/tsbd.org.tr\/?author=3"},"uagb_comment_info":0,"uagb_excerpt":"TSBD&#8217;nin geleneksel faaliyetlerinden birisi olan \u00c7ar\u015famba S\u00f6yle\u015fileri i\u00e7inde bulundu\u011fumuz Pandemi ko\u015fullar\u0131nda Zoom \u00fczerinden yap\u0131lmaktad\u0131r. Bu s\u00f6yle\u015fileri a\u015fa\u011f\u0131daki linkten takip edebilirsiniz.","_links":{"self":[{"href":"https:\/\/tsbd.org.tr\/index.php?rest_route=\/wp\/v2\/pages\/863","targetHints":{"allow":["GET"]}}],"collection":[{"href":"https:\/\/tsbd.org.tr\/index.php?rest_route=\/wp\/v2\/pages"}],"about":[{"href":"https:\/\/tsbd.org.tr\/index.php?rest_route=\/wp\/v2\/types\/page"}],"author":[{"embeddable":true,"href":"https:\/\/tsbd.org.tr\/index.php?rest_route=\/wp\/v2\/users\/3"}],"replies":[{"embeddable":true,"href":"https:\/\/tsbd.org.tr\/index.php?rest_route=%2Fwp%2Fv2%2Fcomments&post=863"}],"version-history":[{"count":4,"href":"https:\/\/tsbd.org.tr\/index.php?rest_route=\/wp\/v2\/pages\/863\/revisions"}],"predecessor-version":[{"id":1114,"href":"https:\/\/tsbd.org.tr\/index.php?rest_route=\/wp\/v2\/pages\/863\/revisions\/1114"}],"wp:attachment":[{"href":"https:\/\/tsbd.org.tr\/index.php?rest_route=%2Fwp%2Fv2%2Fmedia&parent=863"}],"curies":[{"name":"wp","href":"https:\/\/api.w.org\/{rel}","templated":true}]}}