{"id":981,"date":"2022-02-08T18:22:14","date_gmt":"2022-02-08T15:22:14","guid":{"rendered":"http:\/\/tsbd.org.tr\/?page_id=981"},"modified":"2022-04-10T09:46:09","modified_gmt":"2022-04-10T06:46:09","slug":"16-subat-2022-carsamba-soylesisi","status":"publish","type":"page","link":"https:\/\/tsbd.org.tr\/?page_id=981","title":{"rendered":"2 MART 2022: Dr. Sezgi Akba\u015f"},"content":{"rendered":"\n<figure class=\"wp-block-image size-large\"><img fetchpriority=\"high\" decoding=\"async\" width=\"683\" height=\"1024\" src=\"http:\/\/tsbd.org.tr\/wp-content\/uploads\/2022\/02\/2-Mart-2022-S\u00f6yle\u015fi.jpg\" alt=\"\" class=\"wp-image-988\" srcset=\"https:\/\/tsbd.org.tr\/wp-content\/uploads\/2022\/02\/2-Mart-2022-S\u00f6yle\u015fi.jpg 683w, https:\/\/tsbd.org.tr\/wp-content\/uploads\/2022\/02\/2-Mart-2022-S\u00f6yle\u015fi-200x300.jpg 200w\" sizes=\"(max-width: 683px) 100vw, 683px\" \/><\/figure>\n\n\n\n<p>Dr. Sezgi Akba\u015f (Pamukkale \u00dcniversitesi): \u201cKendi Hesab\u0131na \u00c7al\u0131\u015fanlar\u0131n Sosyal G\u00fcvenli\u011fi: Denizli \u0130linde Bir Alan Ara\u015ft\u0131rmas\u0131\u201d<\/p>\n\n\n\n<p>2 Mart 2022, saat:20.00<\/p>\n\n\n\n<p><a href=\"mailto:yalman@metu.edu.tr\" target=\"_blank\" rel=\"noreferrer noopener\">yalman@metu.edu.tr<\/a>&nbsp;is inviting you to a scheduled Zoom meeting.<\/p>\n\n\n\n<p>Topic: My Meeting<\/p>\n\n\n\n<p>Time: Mar 2, 2022 08:00 PM Istanbul<\/p>\n\n\n\n<p>Join Zoom Meeting<\/p>\n\n\n\n<figure class=\"wp-block-embed\"><div class=\"wp-block-embed__wrapper\">\nhttps:\/\/zoom.us\/j\/94686933099?pwd=WEE2RVBEM2VRNWp3TU50cHM1SHNpUT09\n<\/div><\/figure>\n\n\n\n<p>Meeting ID: 946 8693 3099<\/p>\n\n\n\n<p>Passcode: 037917<\/p>\n\n\n\n<p>One tap mobile<\/p>\n\n\n\n<p>+13462487799,,94686933099#,,,,*037917# US (Houston)<\/p>\n\n\n\n<p>+16465588656,,94686933099#,,,,*037917# US (New York)<\/p>\n\n\n\n<p>Dial by your location<\/p>\n\n\n\n<p>&nbsp;&nbsp;&nbsp;&nbsp;&nbsp;&nbsp;&nbsp; +1 346 248 7799 US (Houston)<\/p>\n\n\n\n<p>&nbsp;&nbsp;&nbsp;&nbsp;&nbsp;&nbsp;&nbsp; +1 646 558 8656 US (New York)<\/p>\n\n\n\n<p>&nbsp;&nbsp;&nbsp;&nbsp;&nbsp;&nbsp;&nbsp; +1 669 900 9128 US (San Jose)<\/p>\n\n\n\n<p>&nbsp;&nbsp;&nbsp;&nbsp;&nbsp;&nbsp;&nbsp; +1 253 215 8782 US (Tacoma)<\/p>\n\n\n\n<p>&nbsp;&nbsp;&nbsp;&nbsp;&nbsp;&nbsp;&nbsp; +1 301 715 8592 US (Washington DC)<\/p>\n\n\n\n<p>&nbsp;&nbsp;&nbsp;&nbsp;&nbsp;&nbsp;&nbsp; +1 312 626 6799 US (Chicago)<\/p>\n\n\n\n<p>Meeting ID: 946 8693 3099<\/p>\n\n\n\n<p>Passcode: 037917<\/p>\n\n\n\n<p>Find your local number:&nbsp;<a href=\"https:\/\/zoom.us\/u\/abNZDEVzX7\" target=\"_blank\" rel=\"noreferrer noopener\">https:\/\/zoom.us\/u\/abNZDEVzX7<\/a><\/p>\n\n\n\n<figure class=\"wp-block-embed\"><div class=\"wp-block-embed__wrapper\">\nhttps:\/\/zoom.us\/j\/93061742505?pwd=U2wwWTEyWWRRRTNPalJ0MG5UOWxRUT09\n<\/div><\/figure>\n","protected":false},"excerpt":{"rendered":"<p>Dr. Sezgi Akba\u015f (Pamukkale \u00dcniversitesi): \u201cKendi Hesab\u0131na \u00c7al\u0131\u015fanlar\u0131n Sosyal G\u00fcvenli\u011fi: Denizli \u0130linde Bir Alan Ara\u015ft\u0131rmas\u0131\u201d 2 Mart 2022, saat:20.00 yalman@metu.edu.tr&nbsp;is inviting you to a scheduled Zoom meeting. Topic: My Meeting Time: Mar 2, 2022 08:00 PM Istanbul Join Zoom Meeting Meeting ID: 946 8693 3099 Passcode: 037917 One tap mobile +13462487799,,94686933099#,,,,*037917# US (Houston) +16465588656,,94686933099#,,,,*037917# US [&hellip;]<\/p>\n","protected":false},"author":3,"featured_media":0,"parent":827,"menu_order":4,"comment_status":"closed","ping_status":"closed","template":"","meta":{"_uag_custom_page_level_css":"","_themeisle_gutenberg_block_has_review":false,"footnotes":""},"class_list":["post-981","page","type-page","status-publish","hentry"],"blocksy_meta":[],"uagb_featured_image_src":{"full":false,"thumbnail":false,"medium":false,"medium_large":false,"large":false,"1536x1536":false,"2048x2048":false},"uagb_author_info":{"display_name":false,"author_link":"https:\/\/tsbd.org.tr\/?author=3"},"uagb_comment_info":0,"uagb_excerpt":"Dr. Sezgi Akba\u015f (Pamukkale \u00dcniversitesi): \u201cKendi Hesab\u0131na \u00c7al\u0131\u015fanlar\u0131n Sosyal G\u00fcvenli\u011fi: Denizli \u0130linde Bir Alan Ara\u015ft\u0131rmas\u0131\u201d 2 Mart 2022, saat:20.00 yalman@metu.edu.tr&nbsp;is inviting you to a scheduled Zoom meeting. Topic: My Meeting Time: Mar 2, 2022 08:00 PM Istanbul Join Zoom Meeting Meeting ID: 946 8693 3099 Passcode: 037917 One tap mobile +13462487799,,94686933099#,,,,*037917# US (Houston) +16465588656,,94686933099#,,,,*037917# US&hellip;","_links":{"self":[{"href":"https:\/\/tsbd.org.tr\/index.php?rest_route=\/wp\/v2\/pages\/981","targetHints":{"allow":["GET"]}}],"collection":[{"href":"https:\/\/tsbd.org.tr\/index.php?rest_route=\/wp\/v2\/pages"}],"about":[{"href":"https:\/\/tsbd.org.tr\/index.php?rest_route=\/wp\/v2\/types\/page"}],"author":[{"embeddable":true,"href":"https:\/\/tsbd.org.tr\/index.php?rest_route=\/wp\/v2\/users\/3"}],"replies":[{"embeddable":true,"href":"https:\/\/tsbd.org.tr\/index.php?rest_route=%2Fwp%2Fv2%2Fcomments&post=981"}],"version-history":[{"count":9,"href":"https:\/\/tsbd.org.tr\/index.php?rest_route=\/wp\/v2\/pages\/981\/revisions"}],"predecessor-version":[{"id":1126,"href":"https:\/\/tsbd.org.tr\/index.php?rest_route=\/wp\/v2\/pages\/981\/revisions\/1126"}],"up":[{"embeddable":true,"href":"https:\/\/tsbd.org.tr\/index.php?rest_route=\/wp\/v2\/pages\/827"}],"wp:attachment":[{"href":"https:\/\/tsbd.org.tr\/index.php?rest_route=%2Fwp%2Fv2%2Fmedia&parent=981"}],"curies":[{"name":"wp","href":"https:\/\/api.w.org\/{rel}","templated":true}]}}