{"id":991,"date":"2022-03-03T18:20:46","date_gmt":"2022-03-03T15:20:46","guid":{"rendered":"http:\/\/tsbd.org.tr\/?page_id=991"},"modified":"2022-04-10T09:45:59","modified_gmt":"2022-04-10T06:45:59","slug":"yeni-bir-etkinlik","status":"publish","type":"page","link":"https:\/\/tsbd.org.tr\/?page_id=991","title":{"rendered":"12 MART 2022: Ergin Y\u0131ld\u0131zo\u011flu, Evren Balta, Galip Yalman"},"content":{"rendered":"\n<p>\u201c<strong>Avrupa\u2019da Sava\u015f ve Hegemonya M\u00fccadeleleri\u201d<\/strong><\/p>\n\n\n\n<p>Ergin Y\u0131ld\u0131zo\u011flu, Evren Balta, Galip Yalman<br>12.03.2022 Cumartesi, saat 16.00<br><a rel=\"noreferrer noopener\" href=\"mailto:yalman@metu.edu.tr\" target=\"_blank\">yalman@metu.edu.tr<\/a>&nbsp;is inviting you to a scheduled Zoom meeting.<br>Topic: My Meeting<br>Time: Mar 12, 2022 04:00 PM Istanbul<br>Join Zoom Meeting<\/p>\n\n\n\n<figure class=\"wp-block-image size-large\"><img fetchpriority=\"high\" decoding=\"async\" width=\"694\" height=\"1024\" src=\"http:\/\/tsbd.org.tr\/wp-content\/uploads\/2022\/03\/TSBD-694x1024.jpeg\" alt=\"\" class=\"wp-image-1058\" srcset=\"https:\/\/tsbd.org.tr\/wp-content\/uploads\/2022\/03\/TSBD-694x1024.jpeg 694w, https:\/\/tsbd.org.tr\/wp-content\/uploads\/2022\/03\/TSBD-203x300.jpeg 203w, https:\/\/tsbd.org.tr\/wp-content\/uploads\/2022\/03\/TSBD.jpeg 714w\" sizes=\"(max-width: 694px) 100vw, 694px\" \/><\/figure>\n\n\n\n<figure class=\"wp-block-embed\"><div class=\"wp-block-embed__wrapper\">\nhttps:\/\/zoom.us\/j\/95005086147?pwd=OXBDbC9iTnltQU1LanVEQmJOVEtUQT09\n<\/div><\/figure>\n\n\n\n<p>Meeting ID: 950 0508 6147<br>Passcode: 794739<br>One tap mobile<br>+13462487799,,95005086147#,,,,*794739# US (Houston)<br>+16465588656,,95005086147#,,,,*794739# US (New York)<br>Dial by your location<br>+1 346 248 7799 US (Houston)<br>+1 646 558 8656 US (New York)<br> +1 669 900 9128 US (San Jose)<br> +1 253 215 8782 US (Tacoma)<br>+1 301 715 8592 US (Washington DC)<br>+1 312 626 6799 US (Chicago)<\/p>\n\n\n\n<p>Meeting ID: 950 0508 6147<br>Passcode: 794739<\/p>\n\n\n\n<p>Find your local number:&nbsp;<a href=\"https:\/\/zoom.us\/u\/aEIXiyGaA\" target=\"_blank\" rel=\"noreferrer noopener\">https:\/\/zoom.us\/u\/aEIXiyGaA<\/a><\/p>\n","protected":false},"excerpt":{"rendered":"<p>\u201cAvrupa\u2019da Sava\u015f ve Hegemonya M\u00fccadeleleri\u201d Ergin Y\u0131ld\u0131zo\u011flu, Evren Balta, Galip Yalman12.03.2022 Cumartesi, saat 16.00yalman@metu.edu.tr&nbsp;is inviting you to a scheduled Zoom meeting.Topic: My MeetingTime: Mar 12, 2022 04:00 PM IstanbulJoin Zoom Meeting Meeting ID: 950 0508 6147Passcode: 794739One tap mobile+13462487799,,95005086147#,,,,*794739# US (Houston)+16465588656,,95005086147#,,,,*794739# US (New York)Dial by your location+1 346 248 7799 US (Houston)+1 646 558 8656 [&hellip;]<\/p>\n","protected":false},"author":3,"featured_media":0,"parent":827,"menu_order":3,"comment_status":"closed","ping_status":"closed","template":"","meta":{"_uag_custom_page_level_css":"","_themeisle_gutenberg_block_has_review":false,"footnotes":""},"class_list":["post-991","page","type-page","status-publish","hentry"],"blocksy_meta":[],"uagb_featured_image_src":{"full":false,"thumbnail":false,"medium":false,"medium_large":false,"large":false,"1536x1536":false,"2048x2048":false},"uagb_author_info":{"display_name":false,"author_link":"https:\/\/tsbd.org.tr\/?author=3"},"uagb_comment_info":0,"uagb_excerpt":"\u201cAvrupa\u2019da Sava\u015f ve Hegemonya M\u00fccadeleleri\u201d Ergin Y\u0131ld\u0131zo\u011flu, Evren Balta, Galip Yalman12.03.2022 Cumartesi, saat 16.00yalman@metu.edu.tr&nbsp;is inviting you to a scheduled Zoom meeting.Topic: My MeetingTime: Mar 12, 2022 04:00 PM IstanbulJoin Zoom Meeting Meeting ID: 950 0508 6147Passcode: 794739One tap mobile+13462487799,,95005086147#,,,,*794739# US (Houston)+16465588656,,95005086147#,,,,*794739# US (New York)Dial by your location+1 346 248 7799 US (Houston)+1 646 558 8656&hellip;","_links":{"self":[{"href":"https:\/\/tsbd.org.tr\/index.php?rest_route=\/wp\/v2\/pages\/991","targetHints":{"allow":["GET"]}}],"collection":[{"href":"https:\/\/tsbd.org.tr\/index.php?rest_route=\/wp\/v2\/pages"}],"about":[{"href":"https:\/\/tsbd.org.tr\/index.php?rest_route=\/wp\/v2\/types\/page"}],"author":[{"embeddable":true,"href":"https:\/\/tsbd.org.tr\/index.php?rest_route=\/wp\/v2\/users\/3"}],"replies":[{"embeddable":true,"href":"https:\/\/tsbd.org.tr\/index.php?rest_route=%2Fwp%2Fv2%2Fcomments&post=991"}],"version-history":[{"count":9,"href":"https:\/\/tsbd.org.tr\/index.php?rest_route=\/wp\/v2\/pages\/991\/revisions"}],"predecessor-version":[{"id":1125,"href":"https:\/\/tsbd.org.tr\/index.php?rest_route=\/wp\/v2\/pages\/991\/revisions\/1125"}],"up":[{"embeddable":true,"href":"https:\/\/tsbd.org.tr\/index.php?rest_route=\/wp\/v2\/pages\/827"}],"wp:attachment":[{"href":"https:\/\/tsbd.org.tr\/index.php?rest_route=%2Fwp%2Fv2%2Fmedia&parent=991"}],"curies":[{"name":"wp","href":"https:\/\/api.w.org\/{rel}","templated":true}]}}